{"id":10130,"date":"2022-04-07T10:04:39","date_gmt":"2022-04-07T10:04:39","guid":{"rendered":"https:\/\/zieltek.com\/?page_id=10130"},"modified":"2022-04-28T13:24:59","modified_gmt":"2022-04-28T13:24:59","slug":"btsb1000","status":"publish","type":"page","link":"https:\/\/zieltek.com\/en\/btsb1000\/","title":{"rendered":"BTSB1000"},"content":{"rendered":"<h4>FIRE BLANKET<\/h4>\n<ul>\n<li>\n<p>        <img decoding=\"async\" src=\"\/en\/wp-content\/uploads\/YANBAT2-e1651152233624.png\" alt=\"\"><\/p>\n<h3>YANBAT2<\/h3>\n<\/li>\n<li>\n<p>        <img decoding=\"async\" src=\"\/en\/wp-content\/uploads\/yangin-bat-1.png\" alt=\"\"><\/p>\n<h3>yang\u0131n bat 1<\/h3>\n<\/li>\n<li>\n<p>        <img decoding=\"async\" src=\"\/en\/wp-content\/uploads\/YANGIN2.png\" alt=\"\"><\/p>\n<h3>YANGIN2<\/h3>\n<\/li>\n<\/ul>\n<h1>BTS B1000<\/h1>\n<div>\n<ul>\n<li>TS EN 1869:1997<\/li>\n<li>Fire retardant E Glass Fabric<\/li>\n<li>Special bag<br \/>Sizes:<\/li>\n<li>1&#215;1,5 m<\/li>\n<li>1,2&#215;1,2 m<\/li>\n<li>1,2&#215;1,5 m<\/li>\n<li>1,2&#215;1,8 m<\/li>\n<\/ul>\n<\/div>\n<div>\n<p>TS EN 1869:1997<\/p>\n<\/div>\n<p>\n    <a href=\"https:\/\/zieltek.com\/wp-content\/uploads\/datasheets\/en\/B1000FIRE_BLANKET_TR_EN.pdf\">KATALOG<\/a>\n<\/p>\n<p><!--more--><br \/>\n<!-- {\"name\":\"FFF3000-datasheet-sayfasi\",\"type\":\"layout\",\"children\":[{\"type\":\"section\",\"props\":{\"style\":\"default\",\"width\":\"default\",\"vertical_align\":\"middle\",\"title_position\":\"top-left\",\"title_rotation\":\"left\",\"title_breakpoint\":\"xl\",\"image_position\":\"center-center\",\"css\":\".el-section{background:#1e1e1e;}\",\"class\":\"uk-light \",\"padding_remove_horizontal\":false,\"padding_remove_bottom\":false,\"header_transparent\":\"light\",\"attributes\":\"\"},\"children\":[{\"type\":\"row\",\"children\":[{\"type\":\"column\",\"props\":{\"position_sticky_breakpoint\":\"m\",\"image_position\":\"center-center\",\"media_overlay_gradient\":\"\"},\"children\":[{\"type\":\"headline\",\"props\":{\"title_element\":\"h4\",\"content\":\"FIRE BLANKET\",\"title_style\":\"h4\",\"class\":\"uk-light\",\"css\":\".el-section{background:#da0e15;padding:5px 5px 5px 10px}\",\"margin_remove_top\":false,\"text_align\":\"left\"}}]}],\"props\":{\"row_gap\":\"small\",\"margin_remove_bottom\":false,\"column_gap\":\"small\",\"width\":\"small\"}},{\"type\":\"row\",\"props\":{\"layout\":\"1-2,1-2\",\"column_gap\":\"small\",\"row_gap\":\"medium\",\"width\":\"small\",\"class\":\"\"},\"children\":[{\"type\":\"column\",\"props\":{\"position_sticky_breakpoint\":\"m\",\"image_position\":\"center-center\",\"media_overlay_gradient\":\"\",\"width_medium\":\"1-2\"},\"children\":[{\"type\":\"slideshow\",\"props\":{\"show_title\":false,\"show_meta\":true,\"show_content\":true,\"show_link\":true,\"show_thumbnail\":true,\"slideshow_min_height\":\"\",\"slideshow_autoplay_pause\":true,\"nav\":\"thumbnav\",\"nav_position\":\"center-right\",\"nav_position_margin\":\"\",\"nav_align\":\"left\",\"nav_breakpoint\":\"s\",\"thumbnav_width\":\"100\",\"thumbnav_height\":\"175\",\"thumbnav_svg_color\":\"emphasis\",\"slidenav\":\"\",\"slidenav_margin\":\"\",\"slidenav_breakpoint\":\"s\",\"slidenav_outside_breakpoint\":\"xl\",\"overlay_position\":\"left\",\"overlay_animation\":\"parallax\",\"title_element\":\"h3\",\"meta_style\":\"\",\"meta_align\":\"below-title\",\"meta_element\":\"div\",\"link_text\":\"\",\"link_style\":\"default\",\"margin\":\"\",\"slideshow_ratio\":\"3:6\",\"slideshow_max_height\":\"\",\"slideshow_box_shadow\":\"\",\"slideshow_box_decoration\":\"\",\"nav_below\":true,\"overlay_container\":\"expand\",\"nav_vertical\":false,\"thumbnav_nowrap\":true,\"slideshow_height\":\"\",\"overlay_margin\":\"none\",\"content_margin\":\"remove\",\"maxwidth\":\"medium\",\"slidenav_large\":false,\"link_fullwidth\":false,\"css\":\".el-item { border-style: solid;  border-width:1px; border-color:#464646; text-align:center; }\",\"class\":\"\",\"link_target\":false,\"slideshow_animation\":\"fade\",\"text_align\":\"left\",\"block_align_breakpoint\":\"s\",\"block_align_fallback\":\"center\"},\"children\":[{\"type\":\"slideshow_item\",\"props\":{\"title\":\"YANBAT2\",\"image\":\"wp-content\\\/uploads\\\/YANBAT2-e1651152233624.png\"}},{\"type\":\"slideshow_item\",\"props\":{\"title\":\"yang\\u0131n bat 1\",\"image\":\"wp-content\\\/uploads\\\/yangin-bat-1.png\"}},{\"type\":\"slideshow_item\",\"props\":{\"title\":\"YANGIN2\",\"image\":\"wp-content\\\/uploads\\\/YANGIN2.png\"}}]}]},{\"type\":\"column\",\"props\":{\"position_sticky_breakpoint\":\"m\",\"image_position\":\"center-center\",\"media_overlay_gradient\":\"\",\"width_medium\":\"1-2\"},\"children\":[{\"type\":\"headline\",\"props\":{\"title_element\":\"h1\",\"content\":\"BTS B1000\",\"title_style\":\"h4\",\"title_decoration\":\"divider\"}},{\"type\":\"text\",\"props\":{\"margin\":\"default\",\"column_breakpoint\":\"m\",\"content\":\"\n\n<ul>\\n\n\n<li>TS EN 1869:1997<\\\/li>\\n\n\n<li>Fire retardant E Glass Fabric<\\\/li>\\n\n\n<li>Special bag<br \\\/>Sizes:<\\\/li>\\n\n\n<li>1x1,5 m<\\\/li>\\n\n\n<li>1,2x1,2 m<\\\/li>\\n\n\n<li>1,2x1,5 m<\\\/li>\\n\n\n<li>1,2x1,8 m<\\\/li>\\n<\\\/ul>\"}},{\"type\":\"text\",\"props\":{\"margin\":\"default\",\"column_breakpoint\":\"m\",\"content\":\"\n\n<p><\\\/p>\\n\n\n<p>TS EN 1869:1997<\\\/p>\"}},{\"type\":\"button\",\"props\":{\"grid_column_gap\":\"small\",\"grid_row_gap\":\"small\",\"margin\":\"default\",\"text_align\":\"left\"},\"children\":[{\"type\":\"button_item\",\"props\":{\"button_style\":\"secondary\",\"icon_align\":\"right\",\"icon\":\"download\",\"link\":\"https:\\\/\\\/zieltek.com\\\/wp-content\\\/uploads\\\/datasheets\\\/en\\\/B1000FIRE_BLANKET_TR_EN.pdf\",\"link_title\":\"KATALOG\",\"content\":\"KATALOG\"}}]}]}]}]}],\"version\":\"2.7.20\"} --><\/p>\n","protected":false},"excerpt":{"rendered":"<p>FIRE BLANKET YANBAT2 yang\u0131n bat 1 YANGIN2 BTS B1000 TS EN 1869:1997 Fire retardant E Glass Fabric Special bagSizes: 1&#215;1,5 m 1,2&#215;1,2 m 1,2&#215;1,5 m 1,2&#215;1,8 m TS EN 1869:1997 KATALOG<\/p>\n","protected":false},"author":1,"featured_media":0,"parent":0,"menu_order":0,"comment_status":"closed","ping_status":"closed","template":"","meta":{"footnotes":""},"class_list":["post-10130","page","type-page","status-publish","hentry"],"yoast_head":"<!-- This site is optimized with the Yoast SEO plugin v22.2 - https:\/\/yoast.com\/wordpress\/plugins\/seo\/ -->\n<title>BTSB1000 | ZielTek<\/title>\n<meta name=\"robots\" content=\"index, follow, max-snippet:-1, max-image-preview:large, max-video-preview:-1\" \/>\n<link rel=\"canonical\" href=\"https:\/\/zieltek.com\/en\/btsb1000\/\" \/>\n<meta property=\"og:locale\" content=\"tr_TR\" \/>\n<meta property=\"og:type\" content=\"article\" \/>\n<meta property=\"og:title\" content=\"BTSB1000 | ZielTek\" \/>\n<meta property=\"og:description\" content=\"FIRE BLANKET YANBAT2 yang\u0131n bat 1 YANGIN2 BTS B1000 TS EN 1869:1997 Fire retardant E Glass Fabric Special bagSizes: 1&#215;1,5 m 1,2&#215;1,2 m 1,2&#215;1,5 m 1,2&#215;1,8 m TS EN 1869:1997 KATALOG\" \/>\n<meta property=\"og:url\" content=\"https:\/\/zieltek.com\/en\/btsb1000\/\" \/>\n<meta property=\"og:site_name\" content=\"ZielTek\" \/>\n<meta property=\"article:modified_time\" content=\"2022-04-28T13:24:59+00:00\" \/>\n<meta name=\"twitter:card\" content=\"summary_large_image\" \/>\n<script type=\"application\/ld+json\" class=\"yoast-schema-graph\">{\"@context\":\"https:\/\/schema.org\",\"@graph\":[{\"@type\":\"WebPage\",\"@id\":\"https:\/\/zieltek.com\/en\/btsb1000\/\",\"url\":\"https:\/\/zieltek.com\/en\/btsb1000\/\",\"name\":\"BTSB1000 | ZielTek\",\"isPartOf\":{\"@id\":\"https:\/\/zieltek.com\/en\/#website\"},\"datePublished\":\"2022-04-07T10:04:39+00:00\",\"dateModified\":\"2022-04-28T13:24:59+00:00\",\"breadcrumb\":{\"@id\":\"https:\/\/zieltek.com\/en\/btsb1000\/#breadcrumb\"},\"inLanguage\":\"tr\",\"potentialAction\":[{\"@type\":\"ReadAction\",\"target\":[\"https:\/\/zieltek.com\/en\/btsb1000\/\"]}]},{\"@type\":\"BreadcrumbList\",\"@id\":\"https:\/\/zieltek.com\/en\/btsb1000\/#breadcrumb\",\"itemListElement\":[{\"@type\":\"ListItem\",\"position\":1,\"name\":\"Ana sayfa\",\"item\":\"https:\/\/zieltek.com\/en\/\"},{\"@type\":\"ListItem\",\"position\":2,\"name\":\"BTSB1000\"}]},{\"@type\":\"WebSite\",\"@id\":\"https:\/\/zieltek.com\/en\/#website\",\"url\":\"https:\/\/zieltek.com\/en\/\",\"name\":\"Troy Bili\u015fim\",\"description\":\"Firefighter Apparel and Flame-Resistant Clothing: Ultimate Protection for Heroes\",\"publisher\":{\"@id\":\"https:\/\/zieltek.com\/en\/#organization\"},\"potentialAction\":[{\"@type\":\"SearchAction\",\"target\":{\"@type\":\"EntryPoint\",\"urlTemplate\":\"https:\/\/zieltek.com\/en\/?s={search_term_string}\"},\"query-input\":\"required name=search_term_string\"}],\"inLanguage\":\"tr\"},{\"@type\":\"Organization\",\"@id\":\"https:\/\/zieltek.com\/en\/#organization\",\"name\":\"TROY B\u0130L\u0130\u015e\u0130M\",\"url\":\"https:\/\/zieltek.com\/en\/\",\"logo\":{\"@type\":\"ImageObject\",\"inLanguage\":\"tr\",\"@id\":\"https:\/\/zieltek.com\/en\/#\/schema\/logo\/image\/\",\"url\":\"https:\/\/zieltek.com\/en\/wp-content\/uploads\/TROYBILISIM-logo.png\",\"contentUrl\":\"https:\/\/zieltek.com\/en\/wp-content\/uploads\/TROYBILISIM-logo.png\",\"width\":346,\"height\":144,\"caption\":\"TROY B\u0130L\u0130\u015e\u0130M\"},\"image\":{\"@id\":\"https:\/\/zieltek.com\/en\/#\/schema\/logo\/image\/\"}}]}<\/script>\n<!-- \/ Yoast SEO plugin. -->","yoast_head_json":{"title":"BTSB1000 | ZielTek","robots":{"index":"index","follow":"follow","max-snippet":"max-snippet:-1","max-image-preview":"max-image-preview:large","max-video-preview":"max-video-preview:-1"},"canonical":"https:\/\/zieltek.com\/en\/btsb1000\/","og_locale":"tr_TR","og_type":"article","og_title":"BTSB1000 | ZielTek","og_description":"FIRE BLANKET YANBAT2 yang\u0131n bat 1 YANGIN2 BTS B1000 TS EN 1869:1997 Fire retardant E Glass Fabric Special bagSizes: 1&#215;1,5 m 1,2&#215;1,2 m 1,2&#215;1,5 m 1,2&#215;1,8 m TS EN 1869:1997 KATALOG","og_url":"https:\/\/zieltek.com\/en\/btsb1000\/","og_site_name":"ZielTek","article_modified_time":"2022-04-28T13:24:59+00:00","twitter_card":"summary_large_image","schema":{"@context":"https:\/\/schema.org","@graph":[{"@type":"WebPage","@id":"https:\/\/zieltek.com\/en\/btsb1000\/","url":"https:\/\/zieltek.com\/en\/btsb1000\/","name":"BTSB1000 | ZielTek","isPartOf":{"@id":"https:\/\/zieltek.com\/en\/#website"},"datePublished":"2022-04-07T10:04:39+00:00","dateModified":"2022-04-28T13:24:59+00:00","breadcrumb":{"@id":"https:\/\/zieltek.com\/en\/btsb1000\/#breadcrumb"},"inLanguage":"tr","potentialAction":[{"@type":"ReadAction","target":["https:\/\/zieltek.com\/en\/btsb1000\/"]}]},{"@type":"BreadcrumbList","@id":"https:\/\/zieltek.com\/en\/btsb1000\/#breadcrumb","itemListElement":[{"@type":"ListItem","position":1,"name":"Ana sayfa","item":"https:\/\/zieltek.com\/en\/"},{"@type":"ListItem","position":2,"name":"BTSB1000"}]},{"@type":"WebSite","@id":"https:\/\/zieltek.com\/en\/#website","url":"https:\/\/zieltek.com\/en\/","name":"Troy Bili\u015fim","description":"Firefighter Apparel and Flame-Resistant Clothing: Ultimate Protection for Heroes","publisher":{"@id":"https:\/\/zieltek.com\/en\/#organization"},"potentialAction":[{"@type":"SearchAction","target":{"@type":"EntryPoint","urlTemplate":"https:\/\/zieltek.com\/en\/?s={search_term_string}"},"query-input":"required name=search_term_string"}],"inLanguage":"tr"},{"@type":"Organization","@id":"https:\/\/zieltek.com\/en\/#organization","name":"TROY B\u0130L\u0130\u015e\u0130M","url":"https:\/\/zieltek.com\/en\/","logo":{"@type":"ImageObject","inLanguage":"tr","@id":"https:\/\/zieltek.com\/en\/#\/schema\/logo\/image\/","url":"https:\/\/zieltek.com\/en\/wp-content\/uploads\/TROYBILISIM-logo.png","contentUrl":"https:\/\/zieltek.com\/en\/wp-content\/uploads\/TROYBILISIM-logo.png","width":346,"height":144,"caption":"TROY B\u0130L\u0130\u015e\u0130M"},"image":{"@id":"https:\/\/zieltek.com\/en\/#\/schema\/logo\/image\/"}}]}},"_links":{"self":[{"href":"https:\/\/zieltek.com\/en\/wp-json\/wp\/v2\/pages\/10130","targetHints":{"allow":["GET"]}}],"collection":[{"href":"https:\/\/zieltek.com\/en\/wp-json\/wp\/v2\/pages"}],"about":[{"href":"https:\/\/zieltek.com\/en\/wp-json\/wp\/v2\/types\/page"}],"author":[{"embeddable":true,"href":"https:\/\/zieltek.com\/en\/wp-json\/wp\/v2\/users\/1"}],"replies":[{"embeddable":true,"href":"https:\/\/zieltek.com\/en\/wp-json\/wp\/v2\/comments?post=10130"}],"version-history":[{"count":13,"href":"https:\/\/zieltek.com\/en\/wp-json\/wp\/v2\/pages\/10130\/revisions"}],"predecessor-version":[{"id":11351,"href":"https:\/\/zieltek.com\/en\/wp-json\/wp\/v2\/pages\/10130\/revisions\/11351"}],"wp:attachment":[{"href":"https:\/\/zieltek.com\/en\/wp-json\/wp\/v2\/media?parent=10130"}],"curies":[{"name":"wp","href":"https:\/\/api.w.org\/{rel}","templated":true}]}}