{"id":10371,"date":"2022-04-08T00:09:04","date_gmt":"2022-04-08T00:09:04","guid":{"rendered":"https:\/\/zieltek.com\/?page_id=10371"},"modified":"2026-03-16T10:20:23","modified_gmt":"2026-03-16T10:20:23","slug":"btss3000","status":"publish","type":"page","link":"https:\/\/zieltek.com\/en\/btss3000\/","title":{"rendered":"BTSS3000"},"content":{"rendered":"<h4>Flame Retardant Industr\u0131al Garments<\/h4>\n<ul>\n<li>\n<p>        <img decoding=\"async\" src=\"\/en\/wp-content\/uploads\/BTSS3000-01.png\" alt=\"\"><\/p>\n<\/li>\n<li>\n<p>        <img decoding=\"async\" src=\"\/en\/wp-content\/uploads\/BTSS3000-02.png\" alt=\"\"><\/p>\n<\/li>\n<li>\n<p>        <img decoding=\"async\" src=\"\/en\/wp-content\/uploads\/BTSS3000-03.png\" alt=\"\"><\/p>\n<\/li>\n<\/ul>\n<h1>BTS S3000<\/h1>\n<div>\n<ul>\n<li>Nomex Comfort\u00ae, Meta aramid\/<br \/>Para aramid\/Anti static fabric<\/li>\n<li>FR reflective tapes<\/li>\n<li>Concealed zip front to neck, adjustable cuff<\/li>\n<li>Two chest pocket, two side<br \/>pockets with zipper on jacket<\/li>\n<li>Two side pockets, one hip pocket<br \/>on trousers, one cargo pocket with flap<\/li>\n<li>Elasticated waist<\/li>\n<\/ul>\n<ul>\n<li>Patch pockets on jacket \/ optional<\/li>\n<li>One attachment for hanging \/ optional<\/li>\n<li>Second layer support fabric on the elbows\/ optional<\/li>\n<li>Two cargo pocket on trousers \/ optional<\/li>\n<li>Second layer support fabric on the knees \/ optional<\/li>\n<\/ul>\n<p><img loading=\"lazy\" decoding=\"async\" src=\"https:\/\/zieltek.com\/en\/wp-content\/uploads\/nomex-logo2-300x151.png\" alt=\"\" width=\"135\" height=\"68\" class=\"alignnone  wp-image-11038\" srcset=\"https:\/\/zieltek.com\/en\/wp-content\/uploads\/nomex-logo2-300x151.png 300w, https:\/\/zieltek.com\/en\/wp-content\/uploads\/nomex-logo2.png 410w\" sizes=\"auto, (max-width: 135px) 100vw, 135px\" \/><\/p>\n<\/div>\n<div>\n<p><img loading=\"lazy\" decoding=\"async\" src=\"https:\/\/zieltek.com\/wp-content\/uploads\/2-02.svg\" alt=\"\" width=\"1\" height=\"1\" class=\"alignnone size-medium wp-image-8264\" \/><img loading=\"lazy\" decoding=\"async\" src=\"https:\/\/zieltek.com\/wp-content\/uploads\/sertifika-12.png\" alt=\"\" width=\"50\" height=\"50\" class=\"alignnone size-full wp-image-9704\" \/><img loading=\"lazy\" decoding=\"async\" src=\"https:\/\/zieltek.com\/wp-content\/uploads\/sertifika-4.png\" alt=\"\" width=\"50\" height=\"50\" class=\"alignnone size-full wp-image-8344\" \/><img loading=\"lazy\" decoding=\"async\" src=\"https:\/\/zieltek.com\/wp-content\/uploads\/sertifika-6.png\" alt=\"\" width=\"50\" height=\"50\" class=\"alignnone size-full wp-image-9698\" \/><img loading=\"lazy\" decoding=\"async\" src=\"https:\/\/zieltek.com\/en\/wp-content\/uploads\/sertifika-8.png\" alt=\"\" width=\"50\" height=\"50\" class=\"alignnone size-full wp-image-9700\" \/><img loading=\"lazy\" decoding=\"async\" src=\"https:\/\/zieltek.com\/wp-content\/uploads\/sertifika-3.png\" alt=\"\" width=\"50\" height=\"50\" class=\"alignnone size-full wp-image-8272\" \/><\/p>\n<p>EN ISO 11612:2015 A1+A2 B1 C1 F1<br \/>EN 1149-5:2018<br \/>EN 61482-2:2020 APC=1 (4kA)<br \/>EN 17353:2020 Type B3<\/p>\n<\/div>\n<p>\n    <a href=\"https:\/\/zieltek.com\/en\/wp-content\/uploads\/S3000_TR_EN.pdf\">KATALOG<\/a>\n<\/p>\n<p><!--more--><br \/>\n<!-- {\"name\":\"btsgcx1500-Sayfasi\",\"type\":\"layout\",\"children\":[{\"type\":\"section\",\"props\":{\"style\":\"default\",\"width\":\"default\",\"vertical_align\":\"middle\",\"title_position\":\"top-left\",\"title_rotation\":\"left\",\"title_breakpoint\":\"xl\",\"image_position\":\"center-center\",\"css\":\".el-section{background:#1e1e1e;}\",\"class\":\"uk-light \",\"padding_remove_horizontal\":false,\"padding_remove_bottom\":false,\"header_transparent\":\"light\",\"attributes\":\"\"},\"children\":[{\"type\":\"row\",\"children\":[{\"type\":\"column\",\"props\":{\"position_sticky_breakpoint\":\"m\",\"image_position\":\"center-center\",\"media_overlay_gradient\":\"\"},\"children\":[{\"type\":\"headline\",\"props\":{\"title_element\":\"h4\",\"content\":\"Flame Retardant Industr\\u0131al Garments\",\"title_style\":\"h4\",\"class\":\"uk-light\",\"css\":\".el-section{background:#da0e15;padding:5px 5px 5px 10px}\",\"margin_remove_top\":false,\"text_align\":\"left\"}}]}],\"props\":{\"row_gap\":\"small\",\"margin_remove_bottom\":false,\"column_gap\":\"small\",\"width\":\"small\"}},{\"type\":\"row\",\"props\":{\"layout\":\"1-2,1-2\",\"column_gap\":\"small\",\"row_gap\":\"medium\",\"width\":\"small\",\"class\":\"\"},\"children\":[{\"type\":\"column\",\"props\":{\"position_sticky_breakpoint\":\"m\",\"image_position\":\"center-center\",\"media_overlay_gradient\":\"\",\"width_medium\":\"1-2\"},\"children\":[{\"type\":\"slideshow\",\"props\":{\"show_title\":false,\"show_meta\":true,\"show_content\":true,\"show_link\":true,\"show_thumbnail\":true,\"slideshow_min_height\":\"\",\"slideshow_autoplay_pause\":true,\"nav\":\"thumbnav\",\"nav_position\":\"center-right\",\"nav_position_margin\":\"\",\"nav_align\":\"left\",\"nav_breakpoint\":\"s\",\"thumbnav_width\":\"100\",\"thumbnav_height\":\"175\",\"thumbnav_svg_color\":\"emphasis\",\"slidenav\":\"\",\"slidenav_margin\":\"\",\"slidenav_breakpoint\":\"s\",\"slidenav_outside_breakpoint\":\"xl\",\"overlay_position\":\"left\",\"overlay_animation\":\"parallax\",\"title_element\":\"h3\",\"meta_style\":\"\",\"meta_align\":\"below-title\",\"meta_element\":\"div\",\"link_text\":\"\",\"link_style\":\"default\",\"margin\":\"\",\"slideshow_ratio\":\"3:6\",\"slideshow_max_height\":\"\",\"slideshow_box_shadow\":\"\",\"slideshow_box_decoration\":\"\",\"nav_below\":true,\"overlay_container\":\"expand\",\"nav_vertical\":false,\"thumbnav_nowrap\":true,\"slideshow_height\":\"\",\"overlay_margin\":\"none\",\"content_margin\":\"remove\",\"maxwidth\":\"medium\",\"slidenav_large\":false,\"link_fullwidth\":false,\"css\":\".el-item { border-style: solid;  border-width:1px; border-color:#464646; text-align:center; }\",\"class\":\"\",\"link_target\":false,\"slideshow_animation\":\"fade\",\"text_align\":\"left\",\"block_align_breakpoint\":\"s\",\"block_align_fallback\":\"center\"},\"children\":[{\"type\":\"slideshow_item\",\"props\":{\"image\":\"wp-content\\\/uploads\\\/BTSS3000-01.png\"}},{\"type\":\"slideshow_item\",\"props\":{\"image\":\"wp-content\\\/uploads\\\/BTSS3000-02.png\"}},{\"type\":\"slideshow_item\",\"props\":{\"image\":\"wp-content\\\/uploads\\\/BTSS3000-03.png\"}}]}]},{\"type\":\"column\",\"props\":{\"position_sticky_breakpoint\":\"m\",\"image_position\":\"center-center\",\"media_overlay_gradient\":\"\",\"width_medium\":\"1-2\"},\"children\":[{\"type\":\"headline\",\"props\":{\"title_element\":\"h1\",\"content\":\"BTS S3000\",\"title_style\":\"h4\",\"title_decoration\":\"divider\"}},{\"type\":\"text\",\"props\":{\"margin\":\"default\",\"column_breakpoint\":\"m\",\"content\":\"\n\n<ul>\\n\n\n<li>Nomex Comfort\\u00ae, Meta aramid\\\/<br \\\/>Para aramid\\\/Anti static fabric<\\\/li>\\n\n\n<li>FR reflective tapes<\\\/li>\\n\n\n<li>Concealed zip front to neck, adjustable cuff<\\\/li>\\n\n\n<li>Two chest pocket, two side<br \\\/>pockets with zipper on jacket<\\\/li>\\n\n\n<li>Two side pockets, one hip pocket<br \\\/>on trousers, one cargo pocket with flap<\\\/li>\\n\n\n<li>Elasticated waist<\\\/li>\\n<\\\/ul>\\n\n\n<p><\\\/p>\\n\n\n<ul>\\n\n\n<li>Patch pockets on jacket \\\/ optional<\\\/li>\\n\n\n<li>One attachment for hanging \\\/ optional<\\\/li>\\n\n\n<li>Second layer support fabric on the elbows\\\/ optional<\\\/li>\\n\n\n<li>Two cargo pocket on trousers \\\/ optional<\\\/li>\\n\n\n<li>Second layer support fabric on the knees \\\/ optional<\\\/li>\\n<\\\/ul>\\n\n\n<p><\\\/p>\\n\n\n<p><img src=\\\"https:\\\/\\\/zieltek.com\\\/en\\\/wp-content\\\/uploads\\\/nomex-logo2-300x151.png\\\" alt=\\\"\\\" width=\\\"135\\\" height=\\\"68\\\" class=\\\"alignnone  wp-image-11038\\\" \\\/><\\\/p>\"}},{\"type\":\"text\",\"props\":{\"margin\":\"default\",\"column_breakpoint\":\"m\",\"content\":\"\n\n<p><img src=\\\"https:\\\/\\\/zieltek.com\\\/wp-content\\\/uploads\\\/2-02.svg\\\" alt=\\\"\\\" width=\\\"1\\\" height=\\\"1\\\" class=\\\"alignnone size-medium wp-image-8264\\\" \\\/><img src=\\\"https:\\\/\\\/zieltek.com\\\/wp-content\\\/uploads\\\/sertifika-12.png\\\" alt=\\\"\\\" width=\\\"50\\\" height=\\\"50\\\" class=\\\"alignnone size-full wp-image-9704\\\" \\\/><img src=\\\"https:\\\/\\\/zieltek.com\\\/wp-content\\\/uploads\\\/sertifika-4.png\\\" alt=\\\"\\\" width=\\\"50\\\" height=\\\"50\\\" class=\\\"alignnone size-full wp-image-8344\\\" \\\/><img src=\\\"https:\\\/\\\/zieltek.com\\\/wp-content\\\/uploads\\\/sertifika-6.png\\\" alt=\\\"\\\" width=\\\"50\\\" height=\\\"50\\\" class=\\\"alignnone size-full wp-image-9698\\\" \\\/><img src=\\\"https:\\\/\\\/zieltek.com\\\/en\\\/wp-content\\\/uploads\\\/sertifika-8.png\\\" alt=\\\"\\\" width=\\\"50\\\" height=\\\"50\\\" class=\\\"alignnone size-full wp-image-9700\\\" \\\/><img src=\\\"https:\\\/\\\/zieltek.com\\\/wp-content\\\/uploads\\\/sertifika-3.png\\\" alt=\\\"\\\" width=\\\"50\\\" height=\\\"50\\\" class=\\\"alignnone size-full wp-image-8272\\\" \\\/><\\\/p>\\n\n\n<p>EN ISO 11612:2015 A1+A2 B1 C1 F1<br \\\/>EN 1149-5:2018<br \\\/>EN 61482-2:2020 APC=1 (4kA)<br \\\/>EN 17353:2020 Type B3<\\\/p>\"}},{\"type\":\"button\",\"props\":{\"grid_column_gap\":\"small\",\"grid_row_gap\":\"small\",\"margin\":\"default\",\"text_align\":\"left\"},\"children\":[{\"type\":\"button_item\",\"props\":{\"button_style\":\"secondary\",\"icon_align\":\"right\",\"icon\":\"download\",\"link\":\"https:\\\/\\\/zieltek.com\\\/en\\\/wp-content\\\/uploads\\\/S3000_TR_EN.pdf\",\"link_title\":\"KATALOG\",\"content\":\"KATALOG\"}}]}]}]}]}],\"version\":\"2.7.22\"} --><\/p>\n","protected":false},"excerpt":{"rendered":"<p>Flame Retardant Industr\u0131al Garments BTS S3000 Nomex Comfort\u00ae, Meta aramid\/Para aramid\/Anti static fabric FR reflective tapes Concealed zip front to neck, adjustable cuff Two chest pocket, two sidepockets with zipper on jacket Two side pockets, one hip pocketon trousers, one cargo pocket with flap Elasticated waist Patch pockets on jacket \/ optional One attachment for [&hellip;]<\/p>\n","protected":false},"author":1,"featured_media":0,"parent":0,"menu_order":0,"comment_status":"closed","ping_status":"closed","template":"","meta":{"footnotes":""},"class_list":["post-10371","page","type-page","status-publish","hentry"],"yoast_head":"<!-- This site is optimized with the Yoast SEO plugin v22.2 - https:\/\/yoast.com\/wordpress\/plugins\/seo\/ -->\n<title>BTSS3000 | ZielTek<\/title>\n<meta name=\"robots\" content=\"index, follow, max-snippet:-1, max-image-preview:large, max-video-preview:-1\" \/>\n<link rel=\"canonical\" href=\"https:\/\/zieltek.com\/en\/btss3000\/\" \/>\n<meta property=\"og:locale\" content=\"tr_TR\" \/>\n<meta property=\"og:type\" content=\"article\" \/>\n<meta property=\"og:title\" content=\"BTSS3000 | ZielTek\" \/>\n<meta property=\"og:description\" content=\"Flame Retardant Industr\u0131al Garments BTS S3000 Nomex Comfort\u00ae, Meta aramid\/Para aramid\/Anti static fabric FR reflective tapes Concealed zip front to neck, adjustable cuff Two chest pocket, two sidepockets with zipper on jacket Two side pockets, one hip pocketon trousers, one cargo pocket with flap Elasticated waist Patch pockets on jacket \/ optional One attachment for [&hellip;]\" \/>\n<meta property=\"og:url\" content=\"https:\/\/zieltek.com\/en\/btss3000\/\" \/>\n<meta property=\"og:site_name\" content=\"ZielTek\" \/>\n<meta property=\"article:modified_time\" content=\"2026-03-16T10:20:23+00:00\" \/>\n<meta property=\"og:image\" content=\"https:\/\/zieltek.com\/en\/wp-content\/uploads\/nomex-logo2-300x151.png\" \/>\n<meta name=\"twitter:card\" content=\"summary_large_image\" \/>\n<script type=\"application\/ld+json\" class=\"yoast-schema-graph\">{\"@context\":\"https:\/\/schema.org\",\"@graph\":[{\"@type\":\"WebPage\",\"@id\":\"https:\/\/zieltek.com\/en\/btss3000\/\",\"url\":\"https:\/\/zieltek.com\/en\/btss3000\/\",\"name\":\"BTSS3000 | ZielTek\",\"isPartOf\":{\"@id\":\"https:\/\/zieltek.com\/en\/#website\"},\"primaryImageOfPage\":{\"@id\":\"https:\/\/zieltek.com\/en\/btss3000\/#primaryimage\"},\"image\":{\"@id\":\"https:\/\/zieltek.com\/en\/btss3000\/#primaryimage\"},\"thumbnailUrl\":\"https:\/\/zieltek.com\/en\/wp-content\/uploads\/nomex-logo2-300x151.png\",\"datePublished\":\"2022-04-08T00:09:04+00:00\",\"dateModified\":\"2026-03-16T10:20:23+00:00\",\"breadcrumb\":{\"@id\":\"https:\/\/zieltek.com\/en\/btss3000\/#breadcrumb\"},\"inLanguage\":\"tr\",\"potentialAction\":[{\"@type\":\"ReadAction\",\"target\":[\"https:\/\/zieltek.com\/en\/btss3000\/\"]}]},{\"@type\":\"ImageObject\",\"inLanguage\":\"tr\",\"@id\":\"https:\/\/zieltek.com\/en\/btss3000\/#primaryimage\",\"url\":\"https:\/\/zieltek.com\/en\/wp-content\/uploads\/nomex-logo2.png\",\"contentUrl\":\"https:\/\/zieltek.com\/en\/wp-content\/uploads\/nomex-logo2.png\",\"width\":410,\"height\":207},{\"@type\":\"BreadcrumbList\",\"@id\":\"https:\/\/zieltek.com\/en\/btss3000\/#breadcrumb\",\"itemListElement\":[{\"@type\":\"ListItem\",\"position\":1,\"name\":\"Ana sayfa\",\"item\":\"https:\/\/zieltek.com\/en\/\"},{\"@type\":\"ListItem\",\"position\":2,\"name\":\"BTSS3000\"}]},{\"@type\":\"WebSite\",\"@id\":\"https:\/\/zieltek.com\/en\/#website\",\"url\":\"https:\/\/zieltek.com\/en\/\",\"name\":\"Troy Bili\u015fim\",\"description\":\"Firefighter Apparel and Flame-Resistant Clothing: Ultimate Protection for Heroes\",\"publisher\":{\"@id\":\"https:\/\/zieltek.com\/en\/#organization\"},\"potentialAction\":[{\"@type\":\"SearchAction\",\"target\":{\"@type\":\"EntryPoint\",\"urlTemplate\":\"https:\/\/zieltek.com\/en\/?s={search_term_string}\"},\"query-input\":\"required name=search_term_string\"}],\"inLanguage\":\"tr\"},{\"@type\":\"Organization\",\"@id\":\"https:\/\/zieltek.com\/en\/#organization\",\"name\":\"TROY B\u0130L\u0130\u015e\u0130M\",\"url\":\"https:\/\/zieltek.com\/en\/\",\"logo\":{\"@type\":\"ImageObject\",\"inLanguage\":\"tr\",\"@id\":\"https:\/\/zieltek.com\/en\/#\/schema\/logo\/image\/\",\"url\":\"https:\/\/zieltek.com\/en\/wp-content\/uploads\/TROYBILISIM-logo.png\",\"contentUrl\":\"https:\/\/zieltek.com\/en\/wp-content\/uploads\/TROYBILISIM-logo.png\",\"width\":346,\"height\":144,\"caption\":\"TROY B\u0130L\u0130\u015e\u0130M\"},\"image\":{\"@id\":\"https:\/\/zieltek.com\/en\/#\/schema\/logo\/image\/\"}}]}<\/script>\n<!-- \/ Yoast SEO plugin. -->","yoast_head_json":{"title":"BTSS3000 | ZielTek","robots":{"index":"index","follow":"follow","max-snippet":"max-snippet:-1","max-image-preview":"max-image-preview:large","max-video-preview":"max-video-preview:-1"},"canonical":"https:\/\/zieltek.com\/en\/btss3000\/","og_locale":"tr_TR","og_type":"article","og_title":"BTSS3000 | ZielTek","og_description":"Flame Retardant Industr\u0131al Garments BTS S3000 Nomex Comfort\u00ae, Meta aramid\/Para aramid\/Anti static fabric FR reflective tapes Concealed zip front to neck, adjustable cuff Two chest pocket, two sidepockets with zipper on jacket Two side pockets, one hip pocketon trousers, one cargo pocket with flap Elasticated waist Patch pockets on jacket \/ optional One attachment for [&hellip;]","og_url":"https:\/\/zieltek.com\/en\/btss3000\/","og_site_name":"ZielTek","article_modified_time":"2026-03-16T10:20:23+00:00","og_image":[{"url":"https:\/\/zieltek.com\/en\/wp-content\/uploads\/nomex-logo2-300x151.png"}],"twitter_card":"summary_large_image","schema":{"@context":"https:\/\/schema.org","@graph":[{"@type":"WebPage","@id":"https:\/\/zieltek.com\/en\/btss3000\/","url":"https:\/\/zieltek.com\/en\/btss3000\/","name":"BTSS3000 | ZielTek","isPartOf":{"@id":"https:\/\/zieltek.com\/en\/#website"},"primaryImageOfPage":{"@id":"https:\/\/zieltek.com\/en\/btss3000\/#primaryimage"},"image":{"@id":"https:\/\/zieltek.com\/en\/btss3000\/#primaryimage"},"thumbnailUrl":"https:\/\/zieltek.com\/en\/wp-content\/uploads\/nomex-logo2-300x151.png","datePublished":"2022-04-08T00:09:04+00:00","dateModified":"2026-03-16T10:20:23+00:00","breadcrumb":{"@id":"https:\/\/zieltek.com\/en\/btss3000\/#breadcrumb"},"inLanguage":"tr","potentialAction":[{"@type":"ReadAction","target":["https:\/\/zieltek.com\/en\/btss3000\/"]}]},{"@type":"ImageObject","inLanguage":"tr","@id":"https:\/\/zieltek.com\/en\/btss3000\/#primaryimage","url":"https:\/\/zieltek.com\/en\/wp-content\/uploads\/nomex-logo2.png","contentUrl":"https:\/\/zieltek.com\/en\/wp-content\/uploads\/nomex-logo2.png","width":410,"height":207},{"@type":"BreadcrumbList","@id":"https:\/\/zieltek.com\/en\/btss3000\/#breadcrumb","itemListElement":[{"@type":"ListItem","position":1,"name":"Ana sayfa","item":"https:\/\/zieltek.com\/en\/"},{"@type":"ListItem","position":2,"name":"BTSS3000"}]},{"@type":"WebSite","@id":"https:\/\/zieltek.com\/en\/#website","url":"https:\/\/zieltek.com\/en\/","name":"Troy Bili\u015fim","description":"Firefighter Apparel and Flame-Resistant Clothing: Ultimate Protection for Heroes","publisher":{"@id":"https:\/\/zieltek.com\/en\/#organization"},"potentialAction":[{"@type":"SearchAction","target":{"@type":"EntryPoint","urlTemplate":"https:\/\/zieltek.com\/en\/?s={search_term_string}"},"query-input":"required name=search_term_string"}],"inLanguage":"tr"},{"@type":"Organization","@id":"https:\/\/zieltek.com\/en\/#organization","name":"TROY B\u0130L\u0130\u015e\u0130M","url":"https:\/\/zieltek.com\/en\/","logo":{"@type":"ImageObject","inLanguage":"tr","@id":"https:\/\/zieltek.com\/en\/#\/schema\/logo\/image\/","url":"https:\/\/zieltek.com\/en\/wp-content\/uploads\/TROYBILISIM-logo.png","contentUrl":"https:\/\/zieltek.com\/en\/wp-content\/uploads\/TROYBILISIM-logo.png","width":346,"height":144,"caption":"TROY B\u0130L\u0130\u015e\u0130M"},"image":{"@id":"https:\/\/zieltek.com\/en\/#\/schema\/logo\/image\/"}}]}},"_links":{"self":[{"href":"https:\/\/zieltek.com\/en\/wp-json\/wp\/v2\/pages\/10371","targetHints":{"allow":["GET"]}}],"collection":[{"href":"https:\/\/zieltek.com\/en\/wp-json\/wp\/v2\/pages"}],"about":[{"href":"https:\/\/zieltek.com\/en\/wp-json\/wp\/v2\/types\/page"}],"author":[{"embeddable":true,"href":"https:\/\/zieltek.com\/en\/wp-json\/wp\/v2\/users\/1"}],"replies":[{"embeddable":true,"href":"https:\/\/zieltek.com\/en\/wp-json\/wp\/v2\/comments?post=10371"}],"version-history":[{"count":14,"href":"https:\/\/zieltek.com\/en\/wp-json\/wp\/v2\/pages\/10371\/revisions"}],"predecessor-version":[{"id":11819,"href":"https:\/\/zieltek.com\/en\/wp-json\/wp\/v2\/pages\/10371\/revisions\/11819"}],"wp:attachment":[{"href":"https:\/\/zieltek.com\/en\/wp-json\/wp\/v2\/media?parent=10371"}],"curies":[{"name":"wp","href":"https:\/\/api.w.org\/{rel}","templated":true}]}}