{"id":11432,"date":"2022-05-30T14:55:28","date_gmt":"2022-05-30T14:55:28","guid":{"rendered":"https:\/\/zieltek.com\/en\/?page_id=11432"},"modified":"2022-06-02T10:43:06","modified_gmt":"2022-06-02T10:43:06","slug":"ffs8500","status":"publish","type":"page","link":"https:\/\/zieltek.com\/en\/ffs8500\/","title":{"rendered":"FFS8500"},"content":{"rendered":"<h4>FIREFIGHTER SUIT<\/h4>\n<ul>\n<li>\n<p>        <img decoding=\"async\" src=\"\/en\/wp-content\/uploads\/8500-e1653922633253.png\" alt=\"\"><\/p>\n<h3>8500<\/h3>\n<\/li>\n<li>\n<p>        <img decoding=\"async\" src=\"\/en\/wp-content\/uploads\/8500_5-e1654166507207.png\" alt=\"\"><\/p>\n<h3>8500_5<\/h3>\n<\/li>\n<li>\n<p>        <img decoding=\"async\" src=\"\/en\/wp-content\/uploads\/8500_2-e1653922745477.png\" alt=\"\"><\/p>\n<h3>8500_2<\/h3>\n<\/li>\n<li>\n<p>        <img decoding=\"async\" src=\"\/en\/wp-content\/uploads\/8500_3-e1653922866509.png\" alt=\"\"><\/p>\n<h3>8500_3<\/h3>\n<\/li>\n<\/ul>\n<h1>FFS8500<\/h1>\n<div>\n<ul>\n<li>Outershell: Nomex\u00ae 3DP<\/li>\n<li>Moisture Barrier: FR fabric with high breathable PU coated membrane<\/li>\n<li>Heat Barrier: Aramid felt quilted to Aramid\/Viscose FR 50\/50 inner liner<\/li>\n<li>Aramid Sewing Thread<\/li>\n<li>Flame Retardant velcros<\/li>\n<li>FR One way open panic quick release system<\/li>\n<li>Aramid backing 5 cm yellow-grey-yellow reflective Tapes<\/li>\n<li>Aramid backing 1 cm Photoluminescent Tapes<\/li>\n<li>Concealed zip front to neck<\/li>\n<li>Two radio pocket with flap, two side pocket with flap on jacket<\/li>\n<li>FR velcro fastener on wrist for adjustment<\/li>\n<li>Ergonomically shaped elbows<\/li>\n<li>Para Aramid knitted fabric cuffs<\/li>\n<li>Support fabric layer and pad on elbow, shoulder andd knees<\/li>\n<li>Front opening with a FR velcro and stud on front of trousers<\/li>\n<li>Elasticated waist<\/li>\n<li>Elastic and adjustable brace which are attached to the rear of the trousers waist<\/li>\n<li>Two covered cargo pockets<\/li>\n<li>Ergonomically shaped knees<\/li>\n<\/ul>\n<p><img loading=\"lazy\" decoding=\"async\" src=\"https:\/\/zieltek.com\/en\/wp-content\/uploads\/nomex-logo2-300x151.png\" alt=\"\" width=\"133\" height=\"67\" class=\"alignnone  wp-image-11038\" srcset=\"https:\/\/zieltek.com\/en\/wp-content\/uploads\/nomex-logo2-300x151.png 300w, https:\/\/zieltek.com\/en\/wp-content\/uploads\/nomex-logo2.png 410w\" sizes=\"auto, (max-width: 133px) 100vw, 133px\" \/><\/p>\n<\/div>\n<div>\n<p><img loading=\"lazy\" decoding=\"async\" src=\"https:\/\/zieltek.com\/wp-content\/uploads\/2-02.svg\" alt=\"\" width=\"1\" height=\"1\" class=\"alignnone size-medium wp-image-8264\" \/><img loading=\"lazy\" decoding=\"async\" src=\"https:\/\/zieltek.com\/wp-content\/uploads\/sertifika-2.png\" alt=\"\" width=\"50\" height=\"50\" class=\"alignnone size-full wp-image-8271\" \/><img loading=\"lazy\" decoding=\"async\" src=\"https:\/\/zieltek.com\/wp-content\/uploads\/sertifika-3.png\" alt=\"\" width=\"50\" height=\"50\" class=\"alignnone size-full wp-image-8272\" \/><\/p>\n<p>EN 469:2005 Xf2 Xr2 Y2 Z2 Level 2<\/p>\n<\/div>\n<p>\n    <a href=\"https:\/\/zieltek.com\/wp-content\/uploads\/datasheets\/tr\/FFS8500_TR_EN.pdf\">KATALOG<\/a>\n<\/p>\n<p><!--more--><br \/>\n<!-- {\"name\":\"FFF3000-datasheet-sayfasi\",\"type\":\"layout\",\"children\":[{\"type\":\"section\",\"props\":{\"style\":\"default\",\"width\":\"default\",\"vertical_align\":\"middle\",\"title_position\":\"top-left\",\"title_rotation\":\"left\",\"title_breakpoint\":\"xl\",\"image_position\":\"center-center\",\"css\":\".el-section{background:#1e1e1e;}\",\"class\":\"uk-light \",\"padding_remove_horizontal\":false,\"padding_remove_bottom\":false,\"header_transparent\":\"light\",\"attributes\":\"\"},\"children\":[{\"type\":\"row\",\"children\":[{\"type\":\"column\",\"props\":{\"position_sticky_breakpoint\":\"m\",\"image_position\":\"center-center\",\"media_overlay_gradient\":\"\"},\"children\":[{\"type\":\"headline\",\"props\":{\"title_element\":\"h4\",\"content\":\"FIREFIGHTER SUIT\",\"title_style\":\"h4\",\"class\":\"uk-light\",\"css\":\".el-section{background:#da0e15;padding:5px 5px 5px 10px}\",\"margin_remove_top\":false,\"text_align\":\"left\"}}]}],\"props\":{\"row_gap\":\"small\",\"margin_remove_bottom\":false,\"column_gap\":\"small\",\"width\":\"small\"}},{\"type\":\"row\",\"props\":{\"layout\":\"1-2,1-2\",\"column_gap\":\"small\",\"row_gap\":\"medium\",\"width\":\"small\",\"class\":\"\"},\"children\":[{\"type\":\"column\",\"props\":{\"position_sticky_breakpoint\":\"m\",\"image_position\":\"center-center\",\"media_overlay_gradient\":\"\",\"width_medium\":\"1-2\"},\"children\":[{\"type\":\"slideshow\",\"props\":{\"show_title\":false,\"show_meta\":true,\"show_content\":true,\"show_link\":true,\"show_thumbnail\":true,\"slideshow_min_height\":\"\",\"slideshow_autoplay_pause\":true,\"nav\":\"thumbnav\",\"nav_position\":\"center-right\",\"nav_position_margin\":\"\",\"nav_align\":\"left\",\"nav_breakpoint\":\"s\",\"thumbnav_width\":\"100\",\"thumbnav_height\":\"175\",\"thumbnav_svg_color\":\"emphasis\",\"slidenav\":\"\",\"slidenav_margin\":\"\",\"slidenav_breakpoint\":\"s\",\"slidenav_outside_breakpoint\":\"xl\",\"overlay_position\":\"left\",\"overlay_animation\":\"parallax\",\"title_element\":\"h3\",\"meta_style\":\"\",\"meta_align\":\"below-title\",\"meta_element\":\"div\",\"link_text\":\"\",\"link_style\":\"default\",\"margin\":\"\",\"slideshow_ratio\":\"3:6\",\"slideshow_max_height\":\"\",\"slideshow_box_shadow\":\"\",\"slideshow_box_decoration\":\"\",\"nav_below\":true,\"overlay_container\":\"expand\",\"nav_vertical\":false,\"thumbnav_nowrap\":true,\"slideshow_height\":\"\",\"overlay_margin\":\"none\",\"content_margin\":\"remove\",\"maxwidth\":\"medium\",\"slidenav_large\":false,\"link_fullwidth\":false,\"css\":\".el-item { border-style: solid;  border-width:1px; border-color:#464646; text-align:center; }\",\"class\":\"\",\"link_target\":false,\"slideshow_animation\":\"fade\",\"text_align\":\"left\",\"block_align_breakpoint\":\"s\",\"block_align_fallback\":\"center\"},\"children\":[{\"type\":\"slideshow_item\",\"props\":{\"title\":\"8500\",\"image\":\"wp-content\\\/uploads\\\/8500-e1653922633253.png\"}},{\"type\":\"slideshow_item\",\"props\":{\"title\":\"8500_5\",\"image\":\"wp-content\\\/uploads\\\/8500_5-e1654166507207.png\"}},{\"type\":\"slideshow_item\",\"props\":{\"title\":\"8500_2\",\"image\":\"wp-content\\\/uploads\\\/8500_2-e1653922745477.png\"}},{\"type\":\"slideshow_item\",\"props\":{\"title\":\"8500_3\",\"image\":\"wp-content\\\/uploads\\\/8500_3-e1653922866509.png\"}}]}]},{\"type\":\"column\",\"props\":{\"position_sticky_breakpoint\":\"m\",\"image_position\":\"center-center\",\"media_overlay_gradient\":\"\",\"width_medium\":\"1-2\"},\"children\":[{\"type\":\"headline\",\"props\":{\"title_element\":\"h1\",\"content\":\"FFS8500\",\"title_style\":\"h4\",\"title_decoration\":\"divider\"}},{\"type\":\"text\",\"props\":{\"margin\":\"default\",\"column_breakpoint\":\"m\",\"content\":\"\n\n<ul>\\n\n\n<li>Outershell: Nomex\\u00ae 3DP<\\\/li>\\n\n\n<li>Moisture Barrier: FR fabric with high breathable PU coated membrane<\\\/li>\\n\n\n<li>Heat Barrier: Aramid felt quilted to Aramid\\\/Viscose FR 50\\\/50 inner liner<\\\/li>\\n\n\n<li>Aramid Sewing Thread<\\\/li>\\n\n\n<li>Flame Retardant velcros<\\\/li>\\n\n\n<li>FR One way open panic quick release system<\\\/li>\\n\n\n<li>Aramid backing 5 cm yellow-grey-yellow reflective Tapes<\\\/li>\\n\n\n<li>Aramid backing 1 cm Photoluminescent Tapes<\\\/li>\\n\n\n<li>Concealed zip front to neck<\\\/li>\\n\n\n<li>Two radio pocket with flap, two side pocket with flap on jacket<\\\/li>\\n\n\n<li>FR velcro fastener on wrist for adjustment<\\\/li>\\n\n\n<li>Ergonomically shaped elbows<\\\/li>\\n\n\n<li>Para Aramid knitted fabric cuffs<\\\/li>\\n\n\n<li>Support fabric layer and pad on elbow, shoulder andd knees<\\\/li>\\n\n\n<li>Front opening with a FR velcro and stud on front of trousers<\\\/li>\\n\n\n<li>Elasticated waist<\\\/li>\\n\n\n<li>Elastic and adjustable brace which are attached to the rear of the trousers waist<\\\/li>\\n\n\n<li>Two covered cargo pockets<\\\/li>\\n\n\n<li>Ergonomically shaped knees<\\\/li>\\n<\\\/ul>\\n\n\n<p><img src=\\\"https:\\\/\\\/zieltek.com\\\/en\\\/wp-content\\\/uploads\\\/nomex-logo2-300x151.png\\\" alt=\\\"\\\" width=\\\"133\\\" height=\\\"67\\\" class=\\\"alignnone  wp-image-11038\\\" \\\/><\\\/p>\"}},{\"type\":\"text\",\"props\":{\"margin\":\"default\",\"column_breakpoint\":\"m\",\"content\":\"\n\n<p><\\\/p>\\n\n\n<p><img src=\\\"https:\\\/\\\/zieltek.com\\\/wp-content\\\/uploads\\\/2-02.svg\\\" alt=\\\"\\\" width=\\\"1\\\" height=\\\"1\\\" class=\\\"alignnone size-medium wp-image-8264\\\" \\\/><img src=\\\"https:\\\/\\\/zieltek.com\\\/wp-content\\\/uploads\\\/sertifika-2.png\\\" alt=\\\"\\\" width=\\\"50\\\" height=\\\"50\\\" class=\\\"alignnone size-full wp-image-8271\\\" \\\/><img src=\\\"https:\\\/\\\/zieltek.com\\\/wp-content\\\/uploads\\\/sertifika-3.png\\\" alt=\\\"\\\" width=\\\"50\\\" height=\\\"50\\\" class=\\\"alignnone size-full wp-image-8272\\\" \\\/><\\\/p>\\n\n\n<p>EN 469:2005 Xf2 Xr2 Y2 Z2 Level 2<\\\/p>\"}},{\"type\":\"button\",\"props\":{\"grid_column_gap\":\"small\",\"grid_row_gap\":\"small\",\"margin\":\"default\",\"text_align\":\"left\"},\"children\":[{\"type\":\"button_item\",\"props\":{\"button_style\":\"secondary\",\"icon_align\":\"right\",\"icon\":\"download\",\"link\":\"https:\\\/\\\/zieltek.com\\\/wp-content\\\/uploads\\\/datasheets\\\/tr\\\/FFS8500_TR_EN.pdf\",\"link_title\":\"KATALOG\",\"content\":\"KATALOG\"}}]}]}]}]}],\"version\":\"2.7.22\"} --><\/p>\n","protected":false},"excerpt":{"rendered":"<p>FIREFIGHTER SUIT 8500 8500_5 8500_2 8500_3 FFS8500 Outershell: Nomex\u00ae 3DP Moisture Barrier: FR fabric with high breathable PU coated membrane Heat Barrier: Aramid felt quilted to Aramid\/Viscose FR 50\/50 inner liner Aramid Sewing Thread Flame Retardant velcros FR One way open panic quick release system Aramid backing 5 cm yellow-grey-yellow reflective Tapes Aramid backing 1 [&hellip;]<\/p>\n","protected":false},"author":1,"featured_media":0,"parent":0,"menu_order":0,"comment_status":"closed","ping_status":"closed","template":"","meta":{"footnotes":""},"class_list":["post-11432","page","type-page","status-publish","hentry"],"yoast_head":"<!-- This site is optimized with the Yoast SEO plugin v22.2 - https:\/\/yoast.com\/wordpress\/plugins\/seo\/ -->\n<title>FFS8500 | ZielTek<\/title>\n<meta name=\"robots\" content=\"index, follow, max-snippet:-1, max-image-preview:large, max-video-preview:-1\" \/>\n<link rel=\"canonical\" href=\"https:\/\/zieltek.com\/en\/ffs8500\/\" \/>\n<meta property=\"og:locale\" content=\"tr_TR\" \/>\n<meta property=\"og:type\" content=\"article\" \/>\n<meta property=\"og:title\" content=\"FFS8500 | ZielTek\" \/>\n<meta property=\"og:description\" content=\"FIREFIGHTER SUIT 8500 8500_5 8500_2 8500_3 FFS8500 Outershell: Nomex\u00ae 3DP Moisture Barrier: FR fabric with high breathable PU coated membrane Heat Barrier: Aramid felt quilted to Aramid\/Viscose FR 50\/50 inner liner Aramid Sewing Thread Flame Retardant velcros FR One way open panic quick release system Aramid backing 5 cm yellow-grey-yellow reflective Tapes Aramid backing 1 [&hellip;]\" \/>\n<meta property=\"og:url\" content=\"https:\/\/zieltek.com\/en\/ffs8500\/\" \/>\n<meta property=\"og:site_name\" content=\"ZielTek\" \/>\n<meta property=\"article:modified_time\" content=\"2022-06-02T10:43:06+00:00\" \/>\n<meta property=\"og:image\" content=\"https:\/\/zieltek.com\/en\/wp-content\/uploads\/nomex-logo2-300x151.png\" \/>\n<meta name=\"twitter:card\" content=\"summary_large_image\" \/>\n<meta name=\"twitter:label1\" content=\"Tahmini okuma s\u00fcresi\" \/>\n\t<meta name=\"twitter:data1\" content=\"1 dakika\" \/>\n<script type=\"application\/ld+json\" class=\"yoast-schema-graph\">{\"@context\":\"https:\/\/schema.org\",\"@graph\":[{\"@type\":\"WebPage\",\"@id\":\"https:\/\/zieltek.com\/en\/ffs8500\/\",\"url\":\"https:\/\/zieltek.com\/en\/ffs8500\/\",\"name\":\"FFS8500 | ZielTek\",\"isPartOf\":{\"@id\":\"https:\/\/zieltek.com\/en\/#website\"},\"primaryImageOfPage\":{\"@id\":\"https:\/\/zieltek.com\/en\/ffs8500\/#primaryimage\"},\"image\":{\"@id\":\"https:\/\/zieltek.com\/en\/ffs8500\/#primaryimage\"},\"thumbnailUrl\":\"https:\/\/zieltek.com\/en\/wp-content\/uploads\/nomex-logo2-300x151.png\",\"datePublished\":\"2022-05-30T14:55:28+00:00\",\"dateModified\":\"2022-06-02T10:43:06+00:00\",\"breadcrumb\":{\"@id\":\"https:\/\/zieltek.com\/en\/ffs8500\/#breadcrumb\"},\"inLanguage\":\"tr\",\"potentialAction\":[{\"@type\":\"ReadAction\",\"target\":[\"https:\/\/zieltek.com\/en\/ffs8500\/\"]}]},{\"@type\":\"ImageObject\",\"inLanguage\":\"tr\",\"@id\":\"https:\/\/zieltek.com\/en\/ffs8500\/#primaryimage\",\"url\":\"https:\/\/zieltek.com\/en\/wp-content\/uploads\/nomex-logo2.png\",\"contentUrl\":\"https:\/\/zieltek.com\/en\/wp-content\/uploads\/nomex-logo2.png\",\"width\":410,\"height\":207},{\"@type\":\"BreadcrumbList\",\"@id\":\"https:\/\/zieltek.com\/en\/ffs8500\/#breadcrumb\",\"itemListElement\":[{\"@type\":\"ListItem\",\"position\":1,\"name\":\"Ana sayfa\",\"item\":\"https:\/\/zieltek.com\/en\/\"},{\"@type\":\"ListItem\",\"position\":2,\"name\":\"FFS8500\"}]},{\"@type\":\"WebSite\",\"@id\":\"https:\/\/zieltek.com\/en\/#website\",\"url\":\"https:\/\/zieltek.com\/en\/\",\"name\":\"Troy Bili\u015fim\",\"description\":\"Firefighter Apparel and Flame-Resistant Clothing: Ultimate Protection for Heroes\",\"publisher\":{\"@id\":\"https:\/\/zieltek.com\/en\/#organization\"},\"potentialAction\":[{\"@type\":\"SearchAction\",\"target\":{\"@type\":\"EntryPoint\",\"urlTemplate\":\"https:\/\/zieltek.com\/en\/?s={search_term_string}\"},\"query-input\":\"required name=search_term_string\"}],\"inLanguage\":\"tr\"},{\"@type\":\"Organization\",\"@id\":\"https:\/\/zieltek.com\/en\/#organization\",\"name\":\"TROY B\u0130L\u0130\u015e\u0130M\",\"url\":\"https:\/\/zieltek.com\/en\/\",\"logo\":{\"@type\":\"ImageObject\",\"inLanguage\":\"tr\",\"@id\":\"https:\/\/zieltek.com\/en\/#\/schema\/logo\/image\/\",\"url\":\"https:\/\/zieltek.com\/en\/wp-content\/uploads\/TROYBILISIM-logo.png\",\"contentUrl\":\"https:\/\/zieltek.com\/en\/wp-content\/uploads\/TROYBILISIM-logo.png\",\"width\":346,\"height\":144,\"caption\":\"TROY B\u0130L\u0130\u015e\u0130M\"},\"image\":{\"@id\":\"https:\/\/zieltek.com\/en\/#\/schema\/logo\/image\/\"}}]}<\/script>\n<!-- \/ Yoast SEO plugin. -->","yoast_head_json":{"title":"FFS8500 | ZielTek","robots":{"index":"index","follow":"follow","max-snippet":"max-snippet:-1","max-image-preview":"max-image-preview:large","max-video-preview":"max-video-preview:-1"},"canonical":"https:\/\/zieltek.com\/en\/ffs8500\/","og_locale":"tr_TR","og_type":"article","og_title":"FFS8500 | ZielTek","og_description":"FIREFIGHTER SUIT 8500 8500_5 8500_2 8500_3 FFS8500 Outershell: Nomex\u00ae 3DP Moisture Barrier: FR fabric with high breathable PU coated membrane Heat Barrier: Aramid felt quilted to Aramid\/Viscose FR 50\/50 inner liner Aramid Sewing Thread Flame Retardant velcros FR One way open panic quick release system Aramid backing 5 cm yellow-grey-yellow reflective Tapes Aramid backing 1 [&hellip;]","og_url":"https:\/\/zieltek.com\/en\/ffs8500\/","og_site_name":"ZielTek","article_modified_time":"2022-06-02T10:43:06+00:00","og_image":[{"url":"https:\/\/zieltek.com\/en\/wp-content\/uploads\/nomex-logo2-300x151.png"}],"twitter_card":"summary_large_image","twitter_misc":{"Tahmini okuma s\u00fcresi":"1 dakika"},"schema":{"@context":"https:\/\/schema.org","@graph":[{"@type":"WebPage","@id":"https:\/\/zieltek.com\/en\/ffs8500\/","url":"https:\/\/zieltek.com\/en\/ffs8500\/","name":"FFS8500 | ZielTek","isPartOf":{"@id":"https:\/\/zieltek.com\/en\/#website"},"primaryImageOfPage":{"@id":"https:\/\/zieltek.com\/en\/ffs8500\/#primaryimage"},"image":{"@id":"https:\/\/zieltek.com\/en\/ffs8500\/#primaryimage"},"thumbnailUrl":"https:\/\/zieltek.com\/en\/wp-content\/uploads\/nomex-logo2-300x151.png","datePublished":"2022-05-30T14:55:28+00:00","dateModified":"2022-06-02T10:43:06+00:00","breadcrumb":{"@id":"https:\/\/zieltek.com\/en\/ffs8500\/#breadcrumb"},"inLanguage":"tr","potentialAction":[{"@type":"ReadAction","target":["https:\/\/zieltek.com\/en\/ffs8500\/"]}]},{"@type":"ImageObject","inLanguage":"tr","@id":"https:\/\/zieltek.com\/en\/ffs8500\/#primaryimage","url":"https:\/\/zieltek.com\/en\/wp-content\/uploads\/nomex-logo2.png","contentUrl":"https:\/\/zieltek.com\/en\/wp-content\/uploads\/nomex-logo2.png","width":410,"height":207},{"@type":"BreadcrumbList","@id":"https:\/\/zieltek.com\/en\/ffs8500\/#breadcrumb","itemListElement":[{"@type":"ListItem","position":1,"name":"Ana sayfa","item":"https:\/\/zieltek.com\/en\/"},{"@type":"ListItem","position":2,"name":"FFS8500"}]},{"@type":"WebSite","@id":"https:\/\/zieltek.com\/en\/#website","url":"https:\/\/zieltek.com\/en\/","name":"Troy Bili\u015fim","description":"Firefighter Apparel and Flame-Resistant Clothing: Ultimate Protection for Heroes","publisher":{"@id":"https:\/\/zieltek.com\/en\/#organization"},"potentialAction":[{"@type":"SearchAction","target":{"@type":"EntryPoint","urlTemplate":"https:\/\/zieltek.com\/en\/?s={search_term_string}"},"query-input":"required name=search_term_string"}],"inLanguage":"tr"},{"@type":"Organization","@id":"https:\/\/zieltek.com\/en\/#organization","name":"TROY B\u0130L\u0130\u015e\u0130M","url":"https:\/\/zieltek.com\/en\/","logo":{"@type":"ImageObject","inLanguage":"tr","@id":"https:\/\/zieltek.com\/en\/#\/schema\/logo\/image\/","url":"https:\/\/zieltek.com\/en\/wp-content\/uploads\/TROYBILISIM-logo.png","contentUrl":"https:\/\/zieltek.com\/en\/wp-content\/uploads\/TROYBILISIM-logo.png","width":346,"height":144,"caption":"TROY B\u0130L\u0130\u015e\u0130M"},"image":{"@id":"https:\/\/zieltek.com\/en\/#\/schema\/logo\/image\/"}}]}},"_links":{"self":[{"href":"https:\/\/zieltek.com\/en\/wp-json\/wp\/v2\/pages\/11432","targetHints":{"allow":["GET"]}}],"collection":[{"href":"https:\/\/zieltek.com\/en\/wp-json\/wp\/v2\/pages"}],"about":[{"href":"https:\/\/zieltek.com\/en\/wp-json\/wp\/v2\/types\/page"}],"author":[{"embeddable":true,"href":"https:\/\/zieltek.com\/en\/wp-json\/wp\/v2\/users\/1"}],"replies":[{"embeddable":true,"href":"https:\/\/zieltek.com\/en\/wp-json\/wp\/v2\/comments?post=11432"}],"version-history":[{"count":9,"href":"https:\/\/zieltek.com\/en\/wp-json\/wp\/v2\/pages\/11432\/revisions"}],"predecessor-version":[{"id":11453,"href":"https:\/\/zieltek.com\/en\/wp-json\/wp\/v2\/pages\/11432\/revisions\/11453"}],"wp:attachment":[{"href":"https:\/\/zieltek.com\/en\/wp-json\/wp\/v2\/media?parent=11432"}],"curies":[{"name":"wp","href":"https:\/\/api.w.org\/{rel}","templated":true}]}}