{"id":638,"date":"2017-12-09T19:17:26","date_gmt":"2017-12-09T19:17:26","guid":{"rendered":"http:\/\/localhost\/max\/?page_id=638"},"modified":"2022-04-09T05:01:18","modified_gmt":"2022-04-09T05:01:18","slug":"contact","status":"publish","type":"page","link":"https:\/\/zieltek.com\/en\/contact\/","title":{"rendered":"CONTACT"},"content":{"rendered":"<p><img decoding=\"async\" src=\"\/en\/wp-content\/uploads\/iletisim-resim.jpg\" alt=\"\"><\/p>\n<div>\n<h5><img loading=\"lazy\" decoding=\"async\" src=\"https:\/\/zieltek.com\/wp-content\/uploads\/kirmizi.png\" alt=\"\" width=\"16\" height=\"17\" class=\"alignnone  wp-image-7371\" \/>\u00a0 CONTACT<\/h5>\n<\/div>\n<div>ZIEL TEKNOLOJ\u0130 VE END\u00dcSTR\u0130YEL \u00dcR\u00dcNLER SAN. VE T\u0130C. A.\u015e<\/div>\n<ul>\n<li>\n<div>\n<p>Yukar\u0131 Dudullu Mah. 18 Mart Cad. No: 15 \u00dcmraniye\u00a0 \u0130STANBUL<\/p>\n<\/div>\n<\/li>\n<li>\n<div>+90 216 574 51 91<\/div>\n<\/li>\n<li>\n<div>+90 216 574 51 92<\/div>\n<\/li>\n<li>\n<div>info@zieltek.com<\/div>\n<\/li>\n<\/ul>\n<div>\n<h5><img loading=\"lazy\" decoding=\"async\" src=\"https:\/\/zieltek.com\/wp-content\/uploads\/kirmizi.png\" alt=\"\" width=\"16\" height=\"17\" class=\"alignnone  wp-image-7371\" \/>\u00a0 CONTACT FORM<\/h5>\n<\/div>\n<div>\n<div class=\"wpcf7 no-js\" id=\"wpcf7-f1830-o1\" lang=\"tr-TR\" dir=\"ltr\" data-wpcf7-id=\"1830\">\n<div class=\"screen-reader-response\"><p role=\"status\" aria-live=\"polite\" aria-atomic=\"true\"><\/p> <ul><\/ul><\/div>\n<form action=\"\/en\/wp-json\/wp\/v2\/pages\/638#wpcf7-f1830-o1\" method=\"post\" class=\"wpcf7-form init\" aria-label=\"\u0130leti\u015fim Formu\" novalidate=\"novalidate\" data-status=\"init\">\n<fieldset class=\"hidden-fields-container\"><input type=\"hidden\" name=\"_wpcf7\" value=\"1830\" \/><input type=\"hidden\" name=\"_wpcf7_version\" value=\"6.1.5\" \/><input type=\"hidden\" name=\"_wpcf7_locale\" value=\"tr_TR\" \/><input type=\"hidden\" name=\"_wpcf7_unit_tag\" value=\"wpcf7-f1830-o1\" \/><input type=\"hidden\" name=\"_wpcf7_container_post\" value=\"0\" \/><input type=\"hidden\" name=\"_wpcf7_posted_data_hash\" value=\"\" \/><input type=\"hidden\" name=\"_wpcf7_recaptcha_response\" value=\"\" \/>\n<\/fieldset>\n<div class=\" uk-grid-small uk-width-XXlarge  \" uk-grid>\n\t<div class=\"uk-width-1-2@s \">\n\t\t<div class=\"uk-inline\">\n\t\t\t<p><span class=\"wpcf7-form-control-wrap\" data-name=\"AdSoyad\"><input size=\"40\" maxlength=\"400\" class=\"wpcf7-form-control wpcf7-text wpcf7-validates-as-required uk-input add-icon-user\" aria-required=\"true\" aria-invalid=\"false\" placeholder=\"Name Surname\" value=\"\" type=\"text\" name=\"AdSoyad\" \/><\/span>\n\t\t\t<\/p>\n\t\t<\/div>\n\t\t<p><script> \n jQuery('.add-icon-user').parent().prepend('<span class=\"uk-form-icon\" uk-icon=\"icon: user\"><\/span>'); \n<\/script>\n\t\t<\/p>\n\t<\/div>\n\t<div class=\"uk-width-1-2@s \">\n\t\t<div class=\"uk-inline\">\n\t\t\t<p><span class=\"wpcf7-form-control-wrap\" data-name=\"Telefon\"><input size=\"40\" maxlength=\"400\" class=\"wpcf7-form-control wpcf7-text wpcf7-validates-as-required uk-input add-icon-phone\" aria-required=\"true\" aria-invalid=\"false\" placeholder=\"Telephone Number\" value=\"\" type=\"text\" name=\"Telefon\" \/><\/span>\n\t\t\t<\/p>\n\t\t<\/div>\n\t\t<p><script> \n jQuery('.add-icon-phone').parent().prepend('<span class=\"uk-form-icon\" uk-icon=\"icon: phone\"><\/span>'); \n<\/script>\n\t\t<\/p>\n\t<\/div>\n\t<div class=\"uk-width-1-2@s \">\n\t\t<div class=\"uk-inline\">\n\t\t\t<p><span class=\"wpcf7-form-control-wrap\" data-name=\"Email\"><input size=\"40\" maxlength=\"400\" class=\"wpcf7-form-control wpcf7-email wpcf7-validates-as-required wpcf7-text wpcf7-validates-as-email uk-input add-icon-mail\" aria-required=\"true\" aria-invalid=\"false\" placeholder=\"E-mail Adress\" value=\"\" type=\"email\" name=\"Email\" \/><\/span>\n\t\t\t<\/p>\n\t\t<\/div>\n\t\t<p><script> \n jQuery('.add-icon-mail').parent().prepend('<span class=\"uk-form-icon\" uk-icon=\"icon: mail\"><\/span>'); \n<\/script>\n\t\t<\/p>\n\t<\/div>\n\t<div class=\"uk-width-1-2@s \">\n\t\t<div class=\"uk-inline\">\n\t\t\t<p><span class=\"wpcf7-form-control-wrap\" data-name=\"Konu\"><input size=\"40\" maxlength=\"400\" class=\"wpcf7-form-control wpcf7-text wpcf7-validates-as-required uk-input add-icon-file-text\" aria-required=\"true\" aria-invalid=\"false\" placeholder=\"Contact Reason\" value=\"\" type=\"text\" name=\"Konu\" \/><\/span>\n\t\t\t<\/p>\n\t\t<\/div>\n\t\t<p><script> \n jQuery('.add-icon-file-text').parent().prepend('<span class=\"uk-form-icon\" uk-icon=\"icon: file-text\"><\/span>'); \n<\/script>\n\t\t<\/p>\n\t<\/div>\n\t<div class=\"uk-width-1-1 \">\n\t\t<div class=\"uk-inline\">\n\t\t\t<p><span class=\"wpcf7-form-control-wrap\" data-name=\"textarea-136\"><textarea cols=\"114\" rows=\"4\" maxlength=\"400\" class=\"wpcf7-form-control wpcf7-textarea wpcf7-validates-as-required add-icon-file-edit uk-textarea\" aria-required=\"true\" aria-invalid=\"false\" placeholder=\"Your Message\" name=\"textarea-136\"><\/textarea><\/span>\n\t\t\t<\/p>\n\t\t<\/div>\n\t\t<p><script> \n jQuery('.add-icon-file-edit').parent().prepend('<span class=\"uk-form-icon\" uk-icon=\"icon: file-edit\"><\/span>'); \n<\/script>\n\t\t<\/p>\n\t<\/div>\n\t<div class=\" uk-grid-small uk-width-xxlarge  uk-flex uk-flex-center@s uk-width-1-1@s \" uk-grid>\n\t\t<div class=\"uk-width-1-2@s \">\n\t\t\t<p><input class=\"wpcf7-form-control wpcf7-submit has-spinner uk-button uk-width-1-1 uk-button-primary uk-button-large\" type=\"submit\" value=\"Send\" \/>\n\t\t\t<\/p>\n\t\t<\/div>\n\t<\/div>\n\n<\/div><div class=\"wpcf7-response-output\" aria-hidden=\"true\"><\/div>\n<\/form>\n<\/div>\n<\/div>\n<div><small>This site is protected by reCAPTCHA and the Google<br \/>\n    <a href=\"https:\/\/policies.google.com\/privacy\">Privacy Policy<\/a> and<br \/>\n    <a href=\"https:\/\/policies.google.com\/terms\">Terms of Service<\/a> apply.<br \/>\n<\/small>\n<\/div>\n<div>\n<p>41.0099,29.1537<\/p>\n<p><img decoding=\"async\" src=\"\/en\/wp-content\/uploads\/ziel-logo-orginal_kucuk.png\" alt=\"\"><\/p>\n<\/div>\n<p><!--more--><br \/>\n<!-- {\"name\":\"iletisim-en\",\"type\":\"layout\",\"children\":[{\"type\":\"section\",\"props\":{\"style\":\"default\",\"width\":\"default\",\"vertical_align\":\"middle\",\"title_position\":\"top-left\",\"title_rotation\":\"left\",\"title_breakpoint\":\"xl\",\"image_position\":\"center-center\",\"css\":\".el-section{background:#1e1e1e;}\",\"class\":\"uk-light\",\"overlap\":false,\"padding_remove_top\":true,\"header_transparent\":\"light\",\"header_transparent_noplaceholder\":false,\"padding\":\"none\",\"animation\":\"slide-top-small\",\"animation_delay\":\"0\"},\"children\":[{\"type\":\"row\",\"children\":[{\"type\":\"column\",\"props\":{\"position_sticky_breakpoint\":\"m\",\"image_position\":\"center-center\",\"media_overlay_gradient\":\"\"},\"children\":[{\"type\":\"image\",\"props\":{\"margin\":\"default\",\"image_svg_color\":\"emphasis\",\"image\":\"wp-content\\\/uploads\\\/iletisim-resim.jpg\",\"margin_remove_top\":true,\"image_width\":\"1360\"}}]}]}]},{\"type\":\"section\",\"props\":{\"style\":\"default\",\"width\":\"default\",\"vertical_align\":\"middle\",\"title_position\":\"top-left\",\"title_rotation\":\"left\",\"title_breakpoint\":\"xl\",\"image_position\":\"center-center\",\"css\":\".el-section{background:#1e1e1e;}\\n\\n\",\"class\":\"uk-light\",\"padding_remove_top\":false,\"padding_remove_bottom\":true,\"animation\":\"slide-top-small\",\"animation_delay\":\"150\"},\"children\":[{\"type\":\"row\",\"children\":[{\"type\":\"column\",\"props\":{\"position_sticky_breakpoint\":\"m\",\"image_position\":\"center-center\",\"media_overlay_gradient\":\"\",\"width_medium\":\"1-2\"},\"children\":[{\"type\":\"text\",\"props\":{\"margin\":\"default\",\"column_breakpoint\":\"m\",\"content\":\"\n\n<h5><img src=\\\"https:\\\/\\\/zieltek.com\\\/wp-content\\\/uploads\\\/kirmizi.png\\\" alt=\\\"\\\" width=\\\"16\\\" height=\\\"17\\\" class=\\\"alignnone  wp-image-7371\\\" \\\/>\\u00a0 CONTACT<\\\/h5>\"}},{\"type\":\"text\",\"props\":{\"margin\":\"default\",\"column_breakpoint\":\"m\",\"content\":\"ZIEL TEKNOLOJ\\u0130 VE END\\u00dcSTR\\u0130YEL \\u00dcR\\u00dcNLER SAN. VE T\\u0130C. A.\\u015e\"}},{\"type\":\"list\",\"props\":{\"show_image\":true,\"show_link\":true,\"list_type\":\"vertical\",\"list_element\":\"ul\",\"list_horizontal_separator\":\", \",\"column_breakpoint\":\"m\",\"image_svg_color\":\"emphasis\",\"image_align\":\"left\",\"image_vertical_align\":true},\"children\":[{\"type\":\"list_item\",\"props\":{\"content\":\"\n\n<p>Yukar\\u0131 Dudullu Mah. 18 Mart Cad. No: 15 \\u00dcmraniye\\u00a0 \\u0130STANBUL<\\\/p>\",\"icon\":\"location\"}},{\"type\":\"list_item\",\"props\":{\"content\":\"+90 216 574 51 91\",\"icon\":\"receiver\",\"link\":\"\"}},{\"type\":\"list_item\",\"props\":{\"content\":\"+90 216 574 51 92\",\"icon\":\"print\",\"link\":\"\"}},{\"type\":\"list_item\",\"props\":{\"content\":\"info@zieltek.com\",\"icon\":\"mail\",\"link\":\"\"}}]}]},{\"type\":\"column\",\"props\":{\"position_sticky_breakpoint\":\"m\",\"image_position\":\"center-center\",\"media_overlay_gradient\":\"\",\"width_medium\":\"1-2\"},\"children\":[{\"type\":\"text\",\"props\":{\"margin\":\"default\",\"column_breakpoint\":\"m\",\"content\":\"\n\n<h5><img src=\\\"https:\\\/\\\/zieltek.com\\\/wp-content\\\/uploads\\\/kirmizi.png\\\" alt=\\\"\\\" width=\\\"16\\\" height=\\\"17\\\" class=\\\"alignnone  wp-image-7371\\\" \\\/>\\u00a0 CONTACT FORM<\\\/h5>\"}},{\"type\":\"text\",\"props\":{\"margin\":\"default\",\"column_breakpoint\":\"m\",\"content\":\"[contact-form-7 id=\\\"1830\\\" title=\\\"get in touch mobil anasayfa\\\"]\"}},{\"type\":\"text\",\"props\":{\"margin\":\"default\",\"column_breakpoint\":\"m\",\"content\":\"<small>This site is protected by reCAPTCHA and the Google \\n    <a href=\\\"https:\\\/\\\/policies.google.com\\\/privacy\\\">Privacy Policy<\\\/a> and\\n    <a href=\\\"https:\\\/\\\/policies.google.com\\\/terms\\\">Terms of Service<\\\/a> apply.\\n<\\\/small>\\n\"}}]}],\"props\":{\"layout\":\"1-2,1-2\"}}]},{\"type\":\"section\",\"props\":{\"style\":\"default\",\"width\":\"default\",\"vertical_align\":\"middle\",\"title_position\":\"top-left\",\"title_rotation\":\"left\",\"title_breakpoint\":\"xl\",\"image_position\":\"center-center\",\"css\":\".el-section{background:#1e1e1e;}\\nsvg {color:#e30513;}\",\"class\":\"uk-light\",\"padding_remove_top\":true,\"padding_remove_bottom\":true,\"animation\":\"slide-top-small\",\"animation_delay\":\"150\"},\"children\":[{\"type\":\"row\",\"children\":[{\"type\":\"column\",\"props\":{\"position_sticky_breakpoint\":\"m\",\"image_position\":\"center-center\",\"media_overlay_gradient\":\"\",\"width_medium\":\"\"},\"children\":[{\"type\":\"map\",\"props\":{\"show_title\":true,\"show_meta\":true,\"show_content\":true,\"show_image\":true,\"show_link\":true,\"type\":\"roadmap\",\"zoom\":\"16\",\"controls\":true,\"zooming\":true,\"dragging\":false,\"min_zoom\":0,\"max_zoom\":18,\"title_hover_style\":\"reset\",\"title_element\":\"h5\",\"meta_style\":\"meta\",\"meta_align\":\"below-title\",\"meta_element\":\"div\",\"image_svg_color\":\"emphasis\",\"link_text\":\"Read more\",\"link_style\":\"default\",\"margin\":\"default\",\"image_link\":false,\"height\":\"500\",\"image_svg_inline\":false},\"children\":[{\"type\":\"map_item\",\"props\":{\"location\":\"41.0099,29.1537\",\"content\":\"\",\"hide\":false,\"show_popup\":true,\"image\":\"wp-content\\\/uploads\\\/ziel-logo-orginal_kucuk.png\"}}]}]}]}]}],\"version\":\"2.7.20\"} --><\/p>\n","protected":false},"excerpt":{"rendered":"<p>\u00a0 CONTACT ZIEL TEKNOLOJ\u0130 VE END\u00dcSTR\u0130YEL \u00dcR\u00dcNLER SAN. VE T\u0130C. A.\u015e Yukar\u0131 Dudullu Mah. 18 Mart Cad. No: 15 \u00dcmraniye\u00a0 \u0130STANBUL +90 216 574 51 91 +90 216 574 51 92 info@zieltek.com \u00a0 CONTACT FORM This site is protected by reCAPTCHA and the Google Privacy Policy and Terms of Service apply. 41.0099,29.1537<\/p>\n","protected":false},"author":1,"featured_media":0,"parent":0,"menu_order":0,"comment_status":"closed","ping_status":"closed","template":"","meta":{"footnotes":""},"class_list":["post-638","page","type-page","status-publish","hentry"],"yoast_head":"<!-- This site is optimized with the Yoast SEO plugin v22.2 - https:\/\/yoast.com\/wordpress\/plugins\/seo\/ -->\n<title>CONTACT | ZielTek<\/title>\n<meta name=\"description\" content=\"Troy Bili\u015fim | \u0130leti\u015fim Bilgileri : Email: info@inovo.com.tr, Telefon: 0 (535) 579 56 00, Adres: \u00dcmraniye, \u0130stanbul, T\u00fcrkiye..\" \/>\n<meta name=\"robots\" content=\"index, follow, max-snippet:-1, max-image-preview:large, max-video-preview:-1\" \/>\n<link rel=\"canonical\" href=\"https:\/\/zieltek.com\/en\/contact\/\" \/>\n<meta property=\"og:locale\" content=\"tr_TR\" \/>\n<meta property=\"og:type\" content=\"article\" \/>\n<meta property=\"og:title\" content=\"CONTACT | ZielTek\" \/>\n<meta property=\"og:description\" content=\"Troy Bili\u015fim | \u0130leti\u015fim Bilgileri : Email: info@inovo.com.tr, Telefon: 0 (535) 579 56 00, Adres: \u00dcmraniye, \u0130stanbul, T\u00fcrkiye..\" \/>\n<meta property=\"og:url\" content=\"https:\/\/zieltek.com\/en\/contact\/\" \/>\n<meta property=\"og:site_name\" content=\"ZielTek\" \/>\n<meta property=\"article:modified_time\" content=\"2022-04-09T05:01:18+00:00\" \/>\n<meta property=\"og:image\" content=\"https:\/\/zieltek.com\/wp-content\/uploads\/kirmizi.png\" \/>\n<meta name=\"twitter:card\" content=\"summary_large_image\" \/>\n<script type=\"application\/ld+json\" class=\"yoast-schema-graph\">{\"@context\":\"https:\/\/schema.org\",\"@graph\":[{\"@type\":\"WebPage\",\"@id\":\"https:\/\/zieltek.com\/en\/contact\/\",\"url\":\"https:\/\/zieltek.com\/en\/contact\/\",\"name\":\"CONTACT | ZielTek\",\"isPartOf\":{\"@id\":\"https:\/\/zieltek.com\/en\/#website\"},\"primaryImageOfPage\":{\"@id\":\"https:\/\/zieltek.com\/en\/contact\/#primaryimage\"},\"image\":{\"@id\":\"https:\/\/zieltek.com\/en\/contact\/#primaryimage\"},\"thumbnailUrl\":\"https:\/\/zieltek.com\/wp-content\/uploads\/kirmizi.png\",\"datePublished\":\"2017-12-09T19:17:26+00:00\",\"dateModified\":\"2022-04-09T05:01:18+00:00\",\"description\":\"Troy Bili\u015fim | \u0130leti\u015fim Bilgileri : Email: info@inovo.com.tr, Telefon: 0 (535) 579 56 00, Adres: \u00dcmraniye, \u0130stanbul, T\u00fcrkiye..\",\"breadcrumb\":{\"@id\":\"https:\/\/zieltek.com\/en\/contact\/#breadcrumb\"},\"inLanguage\":\"tr\",\"potentialAction\":[{\"@type\":\"ReadAction\",\"target\":[\"https:\/\/zieltek.com\/en\/contact\/\"]}]},{\"@type\":\"ImageObject\",\"inLanguage\":\"tr\",\"@id\":\"https:\/\/zieltek.com\/en\/contact\/#primaryimage\",\"url\":\"https:\/\/zieltek.com\/wp-content\/uploads\/kirmizi.png\",\"contentUrl\":\"https:\/\/zieltek.com\/wp-content\/uploads\/kirmizi.png\"},{\"@type\":\"BreadcrumbList\",\"@id\":\"https:\/\/zieltek.com\/en\/contact\/#breadcrumb\",\"itemListElement\":[{\"@type\":\"ListItem\",\"position\":1,\"name\":\"Ana sayfa\",\"item\":\"https:\/\/zieltek.com\/en\/\"},{\"@type\":\"ListItem\",\"position\":2,\"name\":\"CONTACT\"}]},{\"@type\":\"WebSite\",\"@id\":\"https:\/\/zieltek.com\/en\/#website\",\"url\":\"https:\/\/zieltek.com\/en\/\",\"name\":\"Troy Bili\u015fim\",\"description\":\"Firefighter Apparel and Flame-Resistant Clothing: Ultimate Protection for Heroes\",\"publisher\":{\"@id\":\"https:\/\/zieltek.com\/en\/#organization\"},\"potentialAction\":[{\"@type\":\"SearchAction\",\"target\":{\"@type\":\"EntryPoint\",\"urlTemplate\":\"https:\/\/zieltek.com\/en\/?s={search_term_string}\"},\"query-input\":\"required name=search_term_string\"}],\"inLanguage\":\"tr\"},{\"@type\":\"Organization\",\"@id\":\"https:\/\/zieltek.com\/en\/#organization\",\"name\":\"TROY B\u0130L\u0130\u015e\u0130M\",\"url\":\"https:\/\/zieltek.com\/en\/\",\"logo\":{\"@type\":\"ImageObject\",\"inLanguage\":\"tr\",\"@id\":\"https:\/\/zieltek.com\/en\/#\/schema\/logo\/image\/\",\"url\":\"https:\/\/zieltek.com\/en\/wp-content\/uploads\/TROYBILISIM-logo.png\",\"contentUrl\":\"https:\/\/zieltek.com\/en\/wp-content\/uploads\/TROYBILISIM-logo.png\",\"width\":346,\"height\":144,\"caption\":\"TROY B\u0130L\u0130\u015e\u0130M\"},\"image\":{\"@id\":\"https:\/\/zieltek.com\/en\/#\/schema\/logo\/image\/\"}}]}<\/script>\n<!-- \/ Yoast SEO plugin. -->","yoast_head_json":{"title":"CONTACT | ZielTek","description":"Troy Bili\u015fim | \u0130leti\u015fim Bilgileri : Email: info@inovo.com.tr, Telefon: 0 (535) 579 56 00, Adres: \u00dcmraniye, \u0130stanbul, T\u00fcrkiye..","robots":{"index":"index","follow":"follow","max-snippet":"max-snippet:-1","max-image-preview":"max-image-preview:large","max-video-preview":"max-video-preview:-1"},"canonical":"https:\/\/zieltek.com\/en\/contact\/","og_locale":"tr_TR","og_type":"article","og_title":"CONTACT | ZielTek","og_description":"Troy Bili\u015fim | \u0130leti\u015fim Bilgileri : Email: info@inovo.com.tr, Telefon: 0 (535) 579 56 00, Adres: \u00dcmraniye, \u0130stanbul, T\u00fcrkiye..","og_url":"https:\/\/zieltek.com\/en\/contact\/","og_site_name":"ZielTek","article_modified_time":"2022-04-09T05:01:18+00:00","og_image":[{"url":"https:\/\/zieltek.com\/wp-content\/uploads\/kirmizi.png"}],"twitter_card":"summary_large_image","schema":{"@context":"https:\/\/schema.org","@graph":[{"@type":"WebPage","@id":"https:\/\/zieltek.com\/en\/contact\/","url":"https:\/\/zieltek.com\/en\/contact\/","name":"CONTACT | ZielTek","isPartOf":{"@id":"https:\/\/zieltek.com\/en\/#website"},"primaryImageOfPage":{"@id":"https:\/\/zieltek.com\/en\/contact\/#primaryimage"},"image":{"@id":"https:\/\/zieltek.com\/en\/contact\/#primaryimage"},"thumbnailUrl":"https:\/\/zieltek.com\/wp-content\/uploads\/kirmizi.png","datePublished":"2017-12-09T19:17:26+00:00","dateModified":"2022-04-09T05:01:18+00:00","description":"Troy Bili\u015fim | \u0130leti\u015fim Bilgileri : Email: info@inovo.com.tr, Telefon: 0 (535) 579 56 00, Adres: \u00dcmraniye, \u0130stanbul, T\u00fcrkiye..","breadcrumb":{"@id":"https:\/\/zieltek.com\/en\/contact\/#breadcrumb"},"inLanguage":"tr","potentialAction":[{"@type":"ReadAction","target":["https:\/\/zieltek.com\/en\/contact\/"]}]},{"@type":"ImageObject","inLanguage":"tr","@id":"https:\/\/zieltek.com\/en\/contact\/#primaryimage","url":"https:\/\/zieltek.com\/wp-content\/uploads\/kirmizi.png","contentUrl":"https:\/\/zieltek.com\/wp-content\/uploads\/kirmizi.png"},{"@type":"BreadcrumbList","@id":"https:\/\/zieltek.com\/en\/contact\/#breadcrumb","itemListElement":[{"@type":"ListItem","position":1,"name":"Ana sayfa","item":"https:\/\/zieltek.com\/en\/"},{"@type":"ListItem","position":2,"name":"CONTACT"}]},{"@type":"WebSite","@id":"https:\/\/zieltek.com\/en\/#website","url":"https:\/\/zieltek.com\/en\/","name":"Troy Bili\u015fim","description":"Firefighter Apparel and Flame-Resistant Clothing: Ultimate Protection for Heroes","publisher":{"@id":"https:\/\/zieltek.com\/en\/#organization"},"potentialAction":[{"@type":"SearchAction","target":{"@type":"EntryPoint","urlTemplate":"https:\/\/zieltek.com\/en\/?s={search_term_string}"},"query-input":"required name=search_term_string"}],"inLanguage":"tr"},{"@type":"Organization","@id":"https:\/\/zieltek.com\/en\/#organization","name":"TROY B\u0130L\u0130\u015e\u0130M","url":"https:\/\/zieltek.com\/en\/","logo":{"@type":"ImageObject","inLanguage":"tr","@id":"https:\/\/zieltek.com\/en\/#\/schema\/logo\/image\/","url":"https:\/\/zieltek.com\/en\/wp-content\/uploads\/TROYBILISIM-logo.png","contentUrl":"https:\/\/zieltek.com\/en\/wp-content\/uploads\/TROYBILISIM-logo.png","width":346,"height":144,"caption":"TROY B\u0130L\u0130\u015e\u0130M"},"image":{"@id":"https:\/\/zieltek.com\/en\/#\/schema\/logo\/image\/"}}]}},"_links":{"self":[{"href":"https:\/\/zieltek.com\/en\/wp-json\/wp\/v2\/pages\/638","targetHints":{"allow":["GET"]}}],"collection":[{"href":"https:\/\/zieltek.com\/en\/wp-json\/wp\/v2\/pages"}],"about":[{"href":"https:\/\/zieltek.com\/en\/wp-json\/wp\/v2\/types\/page"}],"author":[{"embeddable":true,"href":"https:\/\/zieltek.com\/en\/wp-json\/wp\/v2\/users\/1"}],"replies":[{"embeddable":true,"href":"https:\/\/zieltek.com\/en\/wp-json\/wp\/v2\/comments?post=638"}],"version-history":[{"count":186,"href":"https:\/\/zieltek.com\/en\/wp-json\/wp\/v2\/pages\/638\/revisions"}],"predecessor-version":[{"id":11018,"href":"https:\/\/zieltek.com\/en\/wp-json\/wp\/v2\/pages\/638\/revisions\/11018"}],"wp:attachment":[{"href":"https:\/\/zieltek.com\/en\/wp-json\/wp\/v2\/media?parent=638"}],"curies":[{"name":"wp","href":"https:\/\/api.w.org\/{rel}","templated":true}]}}