{"id":7763,"date":"2022-03-19T14:32:21","date_gmt":"2022-03-19T14:32:21","guid":{"rendered":"http:\/\/localhost\/ziel\/?page_id=7763"},"modified":"2025-11-25T07:22:56","modified_gmt":"2025-11-25T07:22:56","slug":"documents","status":"publish","type":"page","link":"https:\/\/zieltek.com\/en\/documents\/","title":{"rendered":"DOCUMENTS"},"content":{"rendered":"<h4>DOCUMENTS<\/h4>\n<ul>\n<li>\n<p>        <img decoding=\"async\" src=\"https:\/\/zieltek.com\/wp-content\/uploads\/Katalog-gorsel-kucuk.jpg\" alt=\"\"><\/p>\n<p><a href=\"https:\/\/zieltek.com\/wp-content\/uploads\/datasheets\/tr\/ZIEL-KATALOG-TR-EN.pdf\"><\/p>\n<p><img loading=\"lazy\" decoding=\"async\" src=\"https:\/\/zieltek.com\/wp-content\/uploads\/kirmizi.png\" alt=\"\" width=\"19\" height=\"20\" class=\"alignnone  wp-image-7371\" \/> ZIEL Product Catalog 2022<\/p>\n<p><\/a><\/p>\n<\/li>\n<li>\n<p>        <img decoding=\"async\" src=\"\/en\/wp-content\/uploads\/YIKAMA_Kucuk.png\" alt=\"\"><\/p>\n<p><a href=\"https:\/\/zieltek.com\/wp-content\/uploads\/datasheets\/en\/Washing_instructions_EN_TR.pdf\"><\/p>\n<p><img loading=\"lazy\" decoding=\"async\" src=\"https:\/\/zieltek.com\/wp-content\/uploads\/kirmizi.png\" alt=\"\" width=\"19\" height=\"20\" class=\"alignnone  wp-image-7371\" \/> Washing Instructions\u00a0<\/p>\n<p><\/a><\/p>\n<\/li>\n<li>\n<p>        <img decoding=\"async\" src=\"\/en\/wp-content\/uploads\/SECIM.png\" alt=\"\"><\/p>\n<p><a href=\"https:\/\/zieltek.com\/wp-content\/uploads\/datasheets\/tr\/SELECTING_CHART.pdf\"><\/p>\n<p><img loading=\"lazy\" decoding=\"async\" src=\"https:\/\/zieltek.com\/wp-content\/uploads\/kirmizi.png\" alt=\"\" width=\"19\" height=\"20\" class=\"alignnone  wp-image-7371\" \/> Product Selecting Chart<\/p>\n<p><\/a><\/p>\n<\/li>\n<\/ul>\n<ul>\n<li>\n<p>        <img decoding=\"async\" src=\"\/en\/wp-content\/uploads\/Kapak2-e1764055123638.png\" alt=\"\"><\/p>\n<p><a href=\"https:\/\/zieltek.com\/en\/wp-content\/uploads\/ZIEL-KATALOG-2026.pdf\"><\/p>\n<p><img loading=\"lazy\" decoding=\"async\" src=\"https:\/\/zieltek.com\/wp-content\/uploads\/kirmizi.png\" alt=\"\" width=\"19\" height=\"20\" class=\"alignnone  wp-image-7371\" \/> ZIEL Product Catalog 2026<\/p>\n<p><\/a><\/p>\n<\/li>\n<li>\n<p>        <img decoding=\"async\" src=\"\/en\/wp-content\/uploads\/Standartlar_kucuk.png\" alt=\"\"><\/p>\n<p><a href=\"https:\/\/zieltek.com\/wp-content\/uploads\/datasheets\/en\/STANDARDS_EN.pdf\"><\/p>\n<p><img loading=\"lazy\" decoding=\"async\" src=\"https:\/\/zieltek.com\/wp-content\/uploads\/kirmizi.png\" alt=\"\" width=\"19\" height=\"20\" class=\"alignnone  wp-image-7371\" \/> Standards<\/p>\n<p><\/a><\/p>\n<\/li>\n<li>\n<p>        <img decoding=\"async\" src=\"\/en\/wp-content\/uploads\/BEDEN_TESPIT_Kucuk.png\" alt=\"\"><\/p>\n<p><a href=\"https:\/\/zieltek.com\/wp-content\/uploads\/datasheets\/en\/Size_Determination_EN.pdf\"><\/p>\n<p><img loading=\"lazy\" decoding=\"async\" src=\"https:\/\/zieltek.com\/wp-content\/uploads\/kirmizi.png\" alt=\"\" width=\"19\" height=\"20\" class=\"alignnone  wp-image-7371\" \/> Size Determination<\/p>\n<p><\/a><\/p>\n<\/li>\n<\/ul>\n<p><!--more--><br \/>\n<!-- {\"name\":\"hesaplamalar\",\"type\":\"layout\",\"children\":[{\"name\":\"\",\"type\":\"section\",\"props\":{\"style\":\"default\",\"width\":\"default\",\"vertical_align\":\"middle\",\"title_position\":\"top-left\",\"title_rotation\":\"left\",\"title_breakpoint\":\"xl\",\"image_position\":\"center-center\",\"padding_remove_top\":false,\"animation\":\"slide-top-small\",\"css\":\".uk-list-striped>:nth-of-type(odd) {background:#2b2b2b;}\\n.el-item a:hover {color:#f5c400;}\\n.el-item:hover{background:#262626;font-weight: bold}\\n.el-item:a link{background:#da0e15;font-weight: bold}\\n.el-section{background:#1e1e1e;}\\n.el-section svg {color:White;}\\n.el-section a:hover {color:#f5c400!important;}\\n.el-section svg:hover {color:#f5c400!important;}\",\"class\":\"uk-light\",\"animation_delay\":\"200\"},\"children\":[{\"name\":\"\",\"type\":\"row\",\"children\":[{\"name\":\"\",\"type\":\"column\",\"props\":{\"image_position\":\"center-center\",\"width_medium\":\"1-1\",\"position_sticky_breakpoint\":\"m\",\"media_overlay_gradient\":\"\"},\"children\":[{\"type\":\"headline\",\"props\":{\"title_element\":\"h4\",\"title_style\":\"h4\",\"content\":\"DOCUMENTS\",\"class\":\"uk-light\",\"attributes\":\"\",\"css\":\".el-section{background:#da0e15;padding:5px 5px 5px 10px; }\\n\\n\"}}]}]},{\"name\":\"\",\"type\":\"row\",\"props\":{\"layout\":\"1-2,1-2\"},\"children\":[{\"name\":\"\",\"type\":\"column\",\"props\":{\"image_position\":\"center-center\",\"width_medium\":\"1-2\",\"position_sticky_breakpoint\":\"m\",\"media_overlay_gradient\":\"\"},\"children\":[{\"name\":\"\",\"type\":\"list\",\"props\":{\"show_image\":true,\"show_link\":true,\"image_align\":\"right\",\"list_style\":\"striped\",\"list_size\":\"large\",\"link_style\":\"text\",\"text_align\":\"left\",\"maxwidth\":\"xlarge\",\"animation\":\"slide-top-medium\",\"list_type\":\"vertical\",\"list_element\":\"ul\",\"list_horizontal_separator\":\", \",\"column_breakpoint\":\"m\",\"image_svg_color\":\"emphasis\",\"image_vertical_align\":true},\"children\":[{\"name\":\"\",\"type\":\"list_item\",\"props\":{\"icon\":\"\",\"content\":\"\n\n<p><img src=\\\"https:\\\/\\\/zieltek.com\\\/wp-content\\\/uploads\\\/kirmizi.png\\\" alt=\\\"\\\" width=\\\"19\\\" height=\\\"20\\\" class=\\\"alignnone  wp-image-7371\\\" \\\/> ZIEL Product Catalog 2022<\\\/p>\",\"link\":\"https:\\\/\\\/zieltek.com\\\/wp-content\\\/uploads\\\/datasheets\\\/tr\\\/ZIEL-KATALOG-TR-EN.pdf\",\"icon_color\":\"success\",\"image\":\"https:\\\/\\\/zieltek.com\\\/wp-content\\\/uploads\\\/Katalog-gorsel-kucuk.jpg\"}},{\"name\":\"\",\"type\":\"list_item\",\"props\":{\"icon\":\"\",\"content\":\"\n\n<p><img src=\\\"https:\\\/\\\/zieltek.com\\\/wp-content\\\/uploads\\\/kirmizi.png\\\" alt=\\\"\\\" width=\\\"19\\\" height=\\\"20\\\" class=\\\"alignnone  wp-image-7371\\\" \\\/> Washing Instructions\\u00a0<\\\/p>\",\"link\":\"https:\\\/\\\/zieltek.com\\\/wp-content\\\/uploads\\\/datasheets\\\/en\\\/Washing_instructions_EN_TR.pdf\",\"icon_color\":\"success\",\"image\":\"wp-content\\\/uploads\\\/YIKAMA_Kucuk.png\"}},{\"type\":\"list_item\",\"props\":{\"image\":\"wp-content\\\/uploads\\\/SECIM.png\",\"content\":\"\n\n<p><img src=\\\"https:\\\/\\\/zieltek.com\\\/wp-content\\\/uploads\\\/kirmizi.png\\\" alt=\\\"\\\" width=\\\"19\\\" height=\\\"20\\\" class=\\\"alignnone  wp-image-7371\\\" \\\/> Product Selecting Chart<\\\/p>\",\"link\":\"https:\\\/\\\/zieltek.com\\\/wp-content\\\/uploads\\\/datasheets\\\/tr\\\/SELECTING_CHART.pdf\"}}]}]},{\"name\":\"\",\"type\":\"column\",\"props\":{\"image_position\":\"center-center\",\"width_medium\":\"1-2\",\"position_sticky_breakpoint\":\"m\",\"media_overlay_gradient\":\"\"},\"children\":[{\"name\":\"\",\"type\":\"list\",\"props\":{\"show_image\":true,\"show_link\":true,\"image_align\":\"right\",\"list_style\":\"striped\",\"list_size\":\"large\",\"link_style\":\"text\",\"text_align\":\"left\",\"maxwidth\":\"xlarge\",\"animation\":\"slide-top-medium\",\"list_type\":\"vertical\",\"list_element\":\"ul\",\"list_horizontal_separator\":\", \",\"column_breakpoint\":\"m\",\"image_svg_color\":\"emphasis\",\"image_vertical_align\":true},\"children\":[{\"name\":\"\",\"type\":\"list_item\",\"props\":{\"icon\":\"\",\"content\":\"\n\n<p><img src=\\\"https:\\\/\\\/zieltek.com\\\/wp-content\\\/uploads\\\/kirmizi.png\\\" alt=\\\"\\\" width=\\\"19\\\" height=\\\"20\\\" class=\\\"alignnone  wp-image-7371\\\" \\\/> ZIEL Product Catalog 2026<\\\/p>\",\"link\":\"https:\\\/\\\/zieltek.com\\\/en\\\/wp-content\\\/uploads\\\/ZIEL-KATALOG-2026.pdf\",\"icon_color\":\"success\",\"image\":\"wp-content\\\/uploads\\\/Kapak2-e1764055123638.png\"}},{\"name\":\"\",\"type\":\"list_item\",\"props\":{\"icon\":\"\",\"content\":\"\n\n<p><img src=\\\"https:\\\/\\\/zieltek.com\\\/wp-content\\\/uploads\\\/kirmizi.png\\\" alt=\\\"\\\" width=\\\"19\\\" height=\\\"20\\\" class=\\\"alignnone  wp-image-7371\\\" \\\/> Standards<\\\/p>\",\"link\":\"https:\\\/\\\/zieltek.com\\\/wp-content\\\/uploads\\\/datasheets\\\/en\\\/STANDARDS_EN.pdf\",\"icon_color\":\"success\",\"image\":\"wp-content\\\/uploads\\\/Standartlar_kucuk.png\"}},{\"name\":\"\",\"type\":\"list_item\",\"props\":{\"icon\":\"\",\"content\":\"\n\n<p><img src=\\\"https:\\\/\\\/zieltek.com\\\/wp-content\\\/uploads\\\/kirmizi.png\\\" alt=\\\"\\\" width=\\\"19\\\" height=\\\"20\\\" class=\\\"alignnone  wp-image-7371\\\" \\\/> Size Determination<\\\/p>\",\"link\":\"https:\\\/\\\/zieltek.com\\\/wp-content\\\/uploads\\\/datasheets\\\/en\\\/Size_Determination_EN.pdf\",\"icon_color\":\"success\",\"image\":\"wp-content\\\/uploads\\\/BEDEN_TESPIT_Kucuk.png\"}}]}]}]}]}],\"version\":\"2.7.22\"} --><\/p>\n","protected":false},"excerpt":{"rendered":"<p>DOCUMENTS ZIEL Product Catalog 2022 Washing Instructions\u00a0 Product Selecting Chart ZIEL Product Catalog 2026 Standards Size Determination<\/p>\n","protected":false},"author":1,"featured_media":0,"parent":0,"menu_order":0,"comment_status":"closed","ping_status":"closed","template":"","meta":{"footnotes":""},"class_list":["post-7763","page","type-page","status-publish","hentry"],"yoast_head":"<!-- This site is optimized with the Yoast SEO plugin v22.2 - https:\/\/yoast.com\/wordpress\/plugins\/seo\/ -->\n<title>DOCUMENTS | ZielTek<\/title>\n<meta name=\"robots\" content=\"index, follow, max-snippet:-1, max-image-preview:large, max-video-preview:-1\" \/>\n<link rel=\"canonical\" href=\"https:\/\/zieltek.com\/en\/documents\/\" \/>\n<meta property=\"og:locale\" content=\"tr_TR\" \/>\n<meta property=\"og:type\" content=\"article\" \/>\n<meta property=\"og:title\" content=\"DOCUMENTS | ZielTek\" \/>\n<meta property=\"og:description\" content=\"DOCUMENTS ZIEL Product Catalog 2022 Washing Instructions\u00a0 Product Selecting Chart ZIEL Product Catalog 2026 Standards Size Determination\" \/>\n<meta property=\"og:url\" content=\"https:\/\/zieltek.com\/en\/documents\/\" \/>\n<meta property=\"og:site_name\" content=\"ZielTek\" \/>\n<meta property=\"article:modified_time\" content=\"2025-11-25T07:22:56+00:00\" \/>\n<meta property=\"og:image\" content=\"https:\/\/zieltek.com\/wp-content\/uploads\/Katalog-gorsel-kucuk.jpg\" \/>\n<meta name=\"twitter:card\" content=\"summary_large_image\" \/>\n<script type=\"application\/ld+json\" class=\"yoast-schema-graph\">{\"@context\":\"https:\/\/schema.org\",\"@graph\":[{\"@type\":\"WebPage\",\"@id\":\"https:\/\/zieltek.com\/en\/documents\/\",\"url\":\"https:\/\/zieltek.com\/en\/documents\/\",\"name\":\"DOCUMENTS | ZielTek\",\"isPartOf\":{\"@id\":\"https:\/\/zieltek.com\/en\/#website\"},\"primaryImageOfPage\":{\"@id\":\"https:\/\/zieltek.com\/en\/documents\/#primaryimage\"},\"image\":{\"@id\":\"https:\/\/zieltek.com\/en\/documents\/#primaryimage\"},\"thumbnailUrl\":\"https:\/\/zieltek.com\/wp-content\/uploads\/Katalog-gorsel-kucuk.jpg\",\"datePublished\":\"2022-03-19T14:32:21+00:00\",\"dateModified\":\"2025-11-25T07:22:56+00:00\",\"breadcrumb\":{\"@id\":\"https:\/\/zieltek.com\/en\/documents\/#breadcrumb\"},\"inLanguage\":\"tr\",\"potentialAction\":[{\"@type\":\"ReadAction\",\"target\":[\"https:\/\/zieltek.com\/en\/documents\/\"]}]},{\"@type\":\"ImageObject\",\"inLanguage\":\"tr\",\"@id\":\"https:\/\/zieltek.com\/en\/documents\/#primaryimage\",\"url\":\"https:\/\/zieltek.com\/wp-content\/uploads\/Katalog-gorsel-kucuk.jpg\",\"contentUrl\":\"https:\/\/zieltek.com\/wp-content\/uploads\/Katalog-gorsel-kucuk.jpg\"},{\"@type\":\"BreadcrumbList\",\"@id\":\"https:\/\/zieltek.com\/en\/documents\/#breadcrumb\",\"itemListElement\":[{\"@type\":\"ListItem\",\"position\":1,\"name\":\"Ana sayfa\",\"item\":\"https:\/\/zieltek.com\/en\/\"},{\"@type\":\"ListItem\",\"position\":2,\"name\":\"DOCUMENTS\"}]},{\"@type\":\"WebSite\",\"@id\":\"https:\/\/zieltek.com\/en\/#website\",\"url\":\"https:\/\/zieltek.com\/en\/\",\"name\":\"Troy Bili\u015fim\",\"description\":\"Firefighter Apparel and Flame-Resistant Clothing: Ultimate Protection for Heroes\",\"publisher\":{\"@id\":\"https:\/\/zieltek.com\/en\/#organization\"},\"potentialAction\":[{\"@type\":\"SearchAction\",\"target\":{\"@type\":\"EntryPoint\",\"urlTemplate\":\"https:\/\/zieltek.com\/en\/?s={search_term_string}\"},\"query-input\":\"required name=search_term_string\"}],\"inLanguage\":\"tr\"},{\"@type\":\"Organization\",\"@id\":\"https:\/\/zieltek.com\/en\/#organization\",\"name\":\"TROY B\u0130L\u0130\u015e\u0130M\",\"url\":\"https:\/\/zieltek.com\/en\/\",\"logo\":{\"@type\":\"ImageObject\",\"inLanguage\":\"tr\",\"@id\":\"https:\/\/zieltek.com\/en\/#\/schema\/logo\/image\/\",\"url\":\"https:\/\/zieltek.com\/en\/wp-content\/uploads\/TROYBILISIM-logo.png\",\"contentUrl\":\"https:\/\/zieltek.com\/en\/wp-content\/uploads\/TROYBILISIM-logo.png\",\"width\":346,\"height\":144,\"caption\":\"TROY B\u0130L\u0130\u015e\u0130M\"},\"image\":{\"@id\":\"https:\/\/zieltek.com\/en\/#\/schema\/logo\/image\/\"}}]}<\/script>\n<!-- \/ Yoast SEO plugin. -->","yoast_head_json":{"title":"DOCUMENTS | ZielTek","robots":{"index":"index","follow":"follow","max-snippet":"max-snippet:-1","max-image-preview":"max-image-preview:large","max-video-preview":"max-video-preview:-1"},"canonical":"https:\/\/zieltek.com\/en\/documents\/","og_locale":"tr_TR","og_type":"article","og_title":"DOCUMENTS | ZielTek","og_description":"DOCUMENTS ZIEL Product Catalog 2022 Washing Instructions\u00a0 Product Selecting Chart ZIEL Product Catalog 2026 Standards Size Determination","og_url":"https:\/\/zieltek.com\/en\/documents\/","og_site_name":"ZielTek","article_modified_time":"2025-11-25T07:22:56+00:00","og_image":[{"url":"https:\/\/zieltek.com\/wp-content\/uploads\/Katalog-gorsel-kucuk.jpg"}],"twitter_card":"summary_large_image","schema":{"@context":"https:\/\/schema.org","@graph":[{"@type":"WebPage","@id":"https:\/\/zieltek.com\/en\/documents\/","url":"https:\/\/zieltek.com\/en\/documents\/","name":"DOCUMENTS | ZielTek","isPartOf":{"@id":"https:\/\/zieltek.com\/en\/#website"},"primaryImageOfPage":{"@id":"https:\/\/zieltek.com\/en\/documents\/#primaryimage"},"image":{"@id":"https:\/\/zieltek.com\/en\/documents\/#primaryimage"},"thumbnailUrl":"https:\/\/zieltek.com\/wp-content\/uploads\/Katalog-gorsel-kucuk.jpg","datePublished":"2022-03-19T14:32:21+00:00","dateModified":"2025-11-25T07:22:56+00:00","breadcrumb":{"@id":"https:\/\/zieltek.com\/en\/documents\/#breadcrumb"},"inLanguage":"tr","potentialAction":[{"@type":"ReadAction","target":["https:\/\/zieltek.com\/en\/documents\/"]}]},{"@type":"ImageObject","inLanguage":"tr","@id":"https:\/\/zieltek.com\/en\/documents\/#primaryimage","url":"https:\/\/zieltek.com\/wp-content\/uploads\/Katalog-gorsel-kucuk.jpg","contentUrl":"https:\/\/zieltek.com\/wp-content\/uploads\/Katalog-gorsel-kucuk.jpg"},{"@type":"BreadcrumbList","@id":"https:\/\/zieltek.com\/en\/documents\/#breadcrumb","itemListElement":[{"@type":"ListItem","position":1,"name":"Ana sayfa","item":"https:\/\/zieltek.com\/en\/"},{"@type":"ListItem","position":2,"name":"DOCUMENTS"}]},{"@type":"WebSite","@id":"https:\/\/zieltek.com\/en\/#website","url":"https:\/\/zieltek.com\/en\/","name":"Troy Bili\u015fim","description":"Firefighter Apparel and Flame-Resistant Clothing: Ultimate Protection for Heroes","publisher":{"@id":"https:\/\/zieltek.com\/en\/#organization"},"potentialAction":[{"@type":"SearchAction","target":{"@type":"EntryPoint","urlTemplate":"https:\/\/zieltek.com\/en\/?s={search_term_string}"},"query-input":"required name=search_term_string"}],"inLanguage":"tr"},{"@type":"Organization","@id":"https:\/\/zieltek.com\/en\/#organization","name":"TROY B\u0130L\u0130\u015e\u0130M","url":"https:\/\/zieltek.com\/en\/","logo":{"@type":"ImageObject","inLanguage":"tr","@id":"https:\/\/zieltek.com\/en\/#\/schema\/logo\/image\/","url":"https:\/\/zieltek.com\/en\/wp-content\/uploads\/TROYBILISIM-logo.png","contentUrl":"https:\/\/zieltek.com\/en\/wp-content\/uploads\/TROYBILISIM-logo.png","width":346,"height":144,"caption":"TROY B\u0130L\u0130\u015e\u0130M"},"image":{"@id":"https:\/\/zieltek.com\/en\/#\/schema\/logo\/image\/"}}]}},"_links":{"self":[{"href":"https:\/\/zieltek.com\/en\/wp-json\/wp\/v2\/pages\/7763","targetHints":{"allow":["GET"]}}],"collection":[{"href":"https:\/\/zieltek.com\/en\/wp-json\/wp\/v2\/pages"}],"about":[{"href":"https:\/\/zieltek.com\/en\/wp-json\/wp\/v2\/types\/page"}],"author":[{"embeddable":true,"href":"https:\/\/zieltek.com\/en\/wp-json\/wp\/v2\/users\/1"}],"replies":[{"embeddable":true,"href":"https:\/\/zieltek.com\/en\/wp-json\/wp\/v2\/comments?post=7763"}],"version-history":[{"count":164,"href":"https:\/\/zieltek.com\/en\/wp-json\/wp\/v2\/pages\/7763\/revisions"}],"predecessor-version":[{"id":11811,"href":"https:\/\/zieltek.com\/en\/wp-json\/wp\/v2\/pages\/7763\/revisions\/11811"}],"wp:attachment":[{"href":"https:\/\/zieltek.com\/en\/wp-json\/wp\/v2\/media?parent=7763"}],"curies":[{"name":"wp","href":"https:\/\/api.w.org\/{rel}","templated":true}]}}