{"id":8685,"date":"2022-03-24T12:08:46","date_gmt":"2022-03-24T12:08:46","guid":{"rendered":"http:\/\/localhost\/ziel\/?page_id=8685"},"modified":"2025-11-25T07:21:40","modified_gmt":"2025-11-25T07:21:40","slug":"products","status":"publish","type":"page","link":"https:\/\/zieltek.com\/en\/products\/","title":{"rendered":"PRODUCTS"},"content":{"rendered":"<p><img decoding=\"async\" src=\"\/en\/wp-content\/uploads\/urunler-kapak.jpg\" alt=\"\"><\/p>\n<ul>\n<li>\n<p>        <img decoding=\"async\" src=\"\/en\/wp-content\/uploads\/itfaiyeci-kiyafetleri-kapak.jpg\" alt=\"\"><\/p>\n<h5>FIREFIGHTER GARMENTS<\/h5>\n<p><a href=\"https:\/\/zieltek.com\/en\/firefighter-garments\/\"><\/a><\/p>\n<\/li>\n<li>\n<p>        <img decoding=\"async\" src=\"\/en\/wp-content\/uploads\/alev-almaz-endustriyel-kapak.jpg\" alt=\"\"><\/p>\n<h5>FLAME RETARDANT INDUSTRIAL GARMENTS<\/h5>\n<p><a href=\"https:\/\/zieltek.com\/en\/flame-retardant-industrial-garments\/\"><\/a><\/p>\n<\/li>\n<li>\n<p>        <img decoding=\"async\" src=\"\/en\/wp-content\/uploads\/elektrik-akimina-karsi-kapak.jpg\" alt=\"\"><\/p>\n<h5>ARC PROTECTIVE GARMENTS<\/h5>\n<p><a href=\"https:\/\/zieltek.com\/en\/arc-protective-garments\/\"><\/a><\/p>\n<\/li>\n<li>\n<p>        <img decoding=\"async\" src=\"\/en\/wp-content\/uploads\/sivi-metal-kaynak-kapak.jpg\" alt=\"\"><\/p>\n<h5>WELDING\/MOLTEN METAL SPLASH PROTECTIVE GARMENTS<\/h5>\n<p><a href=\"https:\/\/zieltek.com\/en\/welding-molten-metal-splash-protective-garments\/\"><\/a><\/p>\n<\/li>\n<li>\n<p>        <img decoding=\"async\" src=\"\/en\/wp-content\/uploads\/alev-almaz-askeriye-ve-polis-kiyafetleri-kapak.jpg\" alt=\"\"><\/p>\n<h5>FLAME RETARDANT MILITARY AND POLICE GARMENTS<\/h5>\n<p><a href=\"https:\/\/zieltek.com\/en\/flame-retardant-military-and-police-garments\/\"><\/a><\/p>\n<\/li>\n<li>\n<p>        <img decoding=\"async\" src=\"\/en\/wp-content\/uploads\/yangin-battaniyesi-kaynak-perdesi-kapak.jpg\" alt=\"\"><\/p>\n<h5> FIRE BLANKET-WELDING CURTAINS<\/h5>\n<p><a href=\"https:\/\/zieltek.com\/en\/fire-blanket-welding-curtains\/\"><\/a><\/p>\n<\/li>\n<\/ul>\n<p><!--more--><br \/>\n<!-- {\"name\":\"urunler-en\",\"type\":\"layout\",\"children\":[{\"type\":\"section\",\"props\":{\"style\":\"default\",\"width\":\"default\",\"vertical_align\":\"middle\",\"title_position\":\"top-left\",\"title_rotation\":\"left\",\"title_breakpoint\":\"xl\",\"image_position\":\"center-center\",\"css\":\".el-section{background:#1e1e1e;}\",\"class\":\"uk-light\",\"overlap\":false,\"padding_remove_top\":true,\"header_transparent\":\"light\",\"header_transparent_noplaceholder\":false,\"padding\":\"none\",\"animation\":\"slide-top-small\",\"animation_delay\":\"0\"},\"children\":[{\"type\":\"row\",\"children\":[{\"type\":\"column\",\"props\":{\"position_sticky_breakpoint\":\"m\",\"image_position\":\"center-center\",\"media_overlay_gradient\":\"\"},\"children\":[{\"type\":\"image\",\"props\":{\"margin\":\"default\",\"image_svg_color\":\"emphasis\",\"image\":\"wp-content\\\/uploads\\\/urunler-kapak.jpg\",\"margin_remove_top\":true,\"image_height\":\"550\",\"image_width\":\"1360\"}}]}]}]},{\"type\":\"section\",\"props\":{\"style\":\"default\",\"width\":\"default\",\"vertical_align\":\"middle\",\"title_position\":\"top-left\",\"title_rotation\":\"left\",\"title_breakpoint\":\"xl\",\"image_position\":\"center-center\",\"css\":\".el-section{background:#1e1e1e;}\",\"class\":\"uk-light\",\"padding_remove_top\":false,\"animation\":\"slide-top-small\",\"animation_delay\":\"200\"},\"children\":[{\"type\":\"row\",\"children\":[{\"type\":\"column\",\"props\":{\"position_sticky_breakpoint\":\"m\",\"image_position\":\"center-center\",\"media_overlay_gradient\":\"\"},\"children\":[{\"type\":\"grid\",\"props\":{\"show_title\":true,\"show_meta\":true,\"show_content\":true,\"show_image\":true,\"show_link\":true,\"grid_default\":\"2\",\"grid_medium\":\"3\",\"filter_style\":\"tab\",\"filter_all\":true,\"filter_position\":\"top\",\"filter_align\":\"left\",\"filter_grid_width\":\"auto\",\"filter_grid_breakpoint\":\"m\",\"title_hover_style\":\"heading\",\"title_element\":\"h5\",\"title_align\":\"top\",\"title_grid_width\":\"1-2\",\"title_grid_breakpoint\":\"m\",\"meta_style\":\"\",\"meta_align\":\"below-title\",\"meta_element\":\"div\",\"content_column_breakpoint\":\"m\",\"icon_width\":80,\"image_align\":\"top\",\"image_grid_width\":\"1-2\",\"image_grid_breakpoint\":\"m\",\"image_svg_color\":\"emphasis\",\"link_text\":\"\",\"link_style\":\"\",\"margin\":\"remove-vertical\",\"item_animation\":true,\"class\":\"uk-light\",\"grid_small\":\"2\",\"grid_large\":\"3\",\"grid_xlarge\":\"3\",\"image_height\":\"333\",\"panel_style\":\"card-hover\",\"css\":\".el-item { border-style: solid;  border-width: 1px; padding:0px;border-color:#464646;}\\n.el-item:hover { border-style: solid;  border-width:1px; padding:0px; padding-top:0!important; margin:0!important; border-color:#161616!important;}\\n\\n\\n\",\"grid_column_gap\":\"large\",\"grid_row_gap\":\"large\",\"panel_link\":true,\"animation\":\"slide-top-medium\",\"image_link\":false,\"image_transition\":\"scale-up\",\"title_font_family\":\"tertiary\",\"link_margin\":\"remove\",\"title_style\":\"h5\",\"lightbox\":false,\"grid_column_align\":true,\"grid_row_align\":false,\"image_width\":\"400\",\"title_link\":true,\"panel_image_no_padding\":true,\"grid_masonry\":false,\"content_margin\":\"remove\",\"panel_padding\":\"\",\"text_align\":\"center\"},\"children\":[{\"type\":\"grid_item\",\"props\":{\"image\":\"wp-content\\\/uploads\\\/itfaiyeci-kiyafetleri-kapak.jpg\",\"title\":\"FIREFIGHTER GARMENTS\",\"link\":\"https:\\\/\\\/zieltek.com\\\/en\\\/firefighter-garments\\\/\"}},{\"type\":\"grid_item\",\"props\":{\"image\":\"wp-content\\\/uploads\\\/alev-almaz-endustriyel-kapak.jpg\",\"title\":\"FLAME RETARDANT INDUSTRIAL GARMENTS\",\"link\":\"https:\\\/\\\/zieltek.com\\\/en\\\/flame-retardant-industrial-garments\\\/\"}},{\"type\":\"grid_item\",\"props\":{\"image\":\"wp-content\\\/uploads\\\/elektrik-akimina-karsi-kapak.jpg\",\"title\":\"ARC PROTECTIVE GARMENTS\",\"link\":\"https:\\\/\\\/zieltek.com\\\/en\\\/arc-protective-garments\\\/\"}},{\"type\":\"grid_item\",\"props\":{\"image\":\"wp-content\\\/uploads\\\/sivi-metal-kaynak-kapak.jpg\",\"title\":\"WELDING\\\/MOLTEN METAL SPLASH PROTECTIVE GARMENTS\",\"link\":\"https:\\\/\\\/zieltek.com\\\/en\\\/welding-molten-metal-splash-protective-garments\\\/\"}},{\"type\":\"grid_item\",\"props\":{\"image\":\"wp-content\\\/uploads\\\/alev-almaz-askeriye-ve-polis-kiyafetleri-kapak.jpg\",\"title\":\"FLAME RETARDANT MILITARY AND POLICE GARMENTS\",\"link\":\"https:\\\/\\\/zieltek.com\\\/en\\\/flame-retardant-military-and-police-garments\\\/\"}},{\"type\":\"grid_item\",\"props\":{\"image\":\"wp-content\\\/uploads\\\/yangin-battaniyesi-kaynak-perdesi-kapak.jpg\",\"title\":\" FIRE BLANKET-WELDING CURTAINS\",\"link\":\"https:\\\/\\\/zieltek.com\\\/en\\\/fire-blanket-welding-curtains\\\/\"}}]}]}]}]}],\"version\":\"2.7.22\"} --><\/p>\n","protected":false},"excerpt":{"rendered":"<p>FIREFIGHTER GARMENTS FLAME RETARDANT INDUSTRIAL GARMENTS ARC PROTECTIVE GARMENTS WELDING\/MOLTEN METAL SPLASH PROTECTIVE GARMENTS FLAME RETARDANT MILITARY AND POLICE GARMENTS FIRE BLANKET-WELDING CURTAINS<\/p>\n","protected":false},"author":1,"featured_media":0,"parent":0,"menu_order":0,"comment_status":"closed","ping_status":"closed","template":"","meta":{"footnotes":""},"class_list":["post-8685","page","type-page","status-publish","hentry"],"yoast_head":"<!-- This site is optimized with the Yoast SEO plugin v22.2 - https:\/\/yoast.com\/wordpress\/plugins\/seo\/ -->\n<title>PRODUCTS | ZielTek<\/title>\n<meta name=\"robots\" content=\"index, follow, max-snippet:-1, max-image-preview:large, max-video-preview:-1\" \/>\n<link rel=\"canonical\" href=\"https:\/\/zieltek.com\/en\/products\/\" \/>\n<meta property=\"og:locale\" content=\"tr_TR\" \/>\n<meta property=\"og:type\" content=\"article\" \/>\n<meta property=\"og:title\" content=\"PRODUCTS | ZielTek\" \/>\n<meta property=\"og:description\" content=\"FIREFIGHTER GARMENTS FLAME RETARDANT INDUSTRIAL GARMENTS ARC PROTECTIVE GARMENTS WELDING\/MOLTEN METAL SPLASH PROTECTIVE GARMENTS FLAME RETARDANT MILITARY AND POLICE GARMENTS FIRE BLANKET-WELDING CURTAINS\" \/>\n<meta property=\"og:url\" content=\"https:\/\/zieltek.com\/en\/products\/\" \/>\n<meta property=\"og:site_name\" content=\"ZielTek\" \/>\n<meta property=\"article:modified_time\" content=\"2025-11-25T07:21:40+00:00\" \/>\n<meta name=\"twitter:card\" content=\"summary_large_image\" \/>\n<script type=\"application\/ld+json\" class=\"yoast-schema-graph\">{\"@context\":\"https:\/\/schema.org\",\"@graph\":[{\"@type\":\"WebPage\",\"@id\":\"https:\/\/zieltek.com\/en\/products\/\",\"url\":\"https:\/\/zieltek.com\/en\/products\/\",\"name\":\"PRODUCTS | ZielTek\",\"isPartOf\":{\"@id\":\"https:\/\/zieltek.com\/en\/#website\"},\"datePublished\":\"2022-03-24T12:08:46+00:00\",\"dateModified\":\"2025-11-25T07:21:40+00:00\",\"breadcrumb\":{\"@id\":\"https:\/\/zieltek.com\/en\/products\/#breadcrumb\"},\"inLanguage\":\"tr\",\"potentialAction\":[{\"@type\":\"ReadAction\",\"target\":[\"https:\/\/zieltek.com\/en\/products\/\"]}]},{\"@type\":\"BreadcrumbList\",\"@id\":\"https:\/\/zieltek.com\/en\/products\/#breadcrumb\",\"itemListElement\":[{\"@type\":\"ListItem\",\"position\":1,\"name\":\"Ana sayfa\",\"item\":\"https:\/\/zieltek.com\/en\/\"},{\"@type\":\"ListItem\",\"position\":2,\"name\":\"PRODUCTS\"}]},{\"@type\":\"WebSite\",\"@id\":\"https:\/\/zieltek.com\/en\/#website\",\"url\":\"https:\/\/zieltek.com\/en\/\",\"name\":\"Troy Bili\u015fim\",\"description\":\"Firefighter Apparel and Flame-Resistant Clothing: Ultimate Protection for Heroes\",\"publisher\":{\"@id\":\"https:\/\/zieltek.com\/en\/#organization\"},\"potentialAction\":[{\"@type\":\"SearchAction\",\"target\":{\"@type\":\"EntryPoint\",\"urlTemplate\":\"https:\/\/zieltek.com\/en\/?s={search_term_string}\"},\"query-input\":\"required name=search_term_string\"}],\"inLanguage\":\"tr\"},{\"@type\":\"Organization\",\"@id\":\"https:\/\/zieltek.com\/en\/#organization\",\"name\":\"TROY B\u0130L\u0130\u015e\u0130M\",\"url\":\"https:\/\/zieltek.com\/en\/\",\"logo\":{\"@type\":\"ImageObject\",\"inLanguage\":\"tr\",\"@id\":\"https:\/\/zieltek.com\/en\/#\/schema\/logo\/image\/\",\"url\":\"https:\/\/zieltek.com\/en\/wp-content\/uploads\/TROYBILISIM-logo.png\",\"contentUrl\":\"https:\/\/zieltek.com\/en\/wp-content\/uploads\/TROYBILISIM-logo.png\",\"width\":346,\"height\":144,\"caption\":\"TROY B\u0130L\u0130\u015e\u0130M\"},\"image\":{\"@id\":\"https:\/\/zieltek.com\/en\/#\/schema\/logo\/image\/\"}}]}<\/script>\n<!-- \/ Yoast SEO plugin. -->","yoast_head_json":{"title":"PRODUCTS | ZielTek","robots":{"index":"index","follow":"follow","max-snippet":"max-snippet:-1","max-image-preview":"max-image-preview:large","max-video-preview":"max-video-preview:-1"},"canonical":"https:\/\/zieltek.com\/en\/products\/","og_locale":"tr_TR","og_type":"article","og_title":"PRODUCTS | ZielTek","og_description":"FIREFIGHTER GARMENTS FLAME RETARDANT INDUSTRIAL GARMENTS ARC PROTECTIVE GARMENTS WELDING\/MOLTEN METAL SPLASH PROTECTIVE GARMENTS FLAME RETARDANT MILITARY AND POLICE GARMENTS FIRE BLANKET-WELDING CURTAINS","og_url":"https:\/\/zieltek.com\/en\/products\/","og_site_name":"ZielTek","article_modified_time":"2025-11-25T07:21:40+00:00","twitter_card":"summary_large_image","schema":{"@context":"https:\/\/schema.org","@graph":[{"@type":"WebPage","@id":"https:\/\/zieltek.com\/en\/products\/","url":"https:\/\/zieltek.com\/en\/products\/","name":"PRODUCTS | ZielTek","isPartOf":{"@id":"https:\/\/zieltek.com\/en\/#website"},"datePublished":"2022-03-24T12:08:46+00:00","dateModified":"2025-11-25T07:21:40+00:00","breadcrumb":{"@id":"https:\/\/zieltek.com\/en\/products\/#breadcrumb"},"inLanguage":"tr","potentialAction":[{"@type":"ReadAction","target":["https:\/\/zieltek.com\/en\/products\/"]}]},{"@type":"BreadcrumbList","@id":"https:\/\/zieltek.com\/en\/products\/#breadcrumb","itemListElement":[{"@type":"ListItem","position":1,"name":"Ana sayfa","item":"https:\/\/zieltek.com\/en\/"},{"@type":"ListItem","position":2,"name":"PRODUCTS"}]},{"@type":"WebSite","@id":"https:\/\/zieltek.com\/en\/#website","url":"https:\/\/zieltek.com\/en\/","name":"Troy Bili\u015fim","description":"Firefighter Apparel and Flame-Resistant Clothing: Ultimate Protection for Heroes","publisher":{"@id":"https:\/\/zieltek.com\/en\/#organization"},"potentialAction":[{"@type":"SearchAction","target":{"@type":"EntryPoint","urlTemplate":"https:\/\/zieltek.com\/en\/?s={search_term_string}"},"query-input":"required name=search_term_string"}],"inLanguage":"tr"},{"@type":"Organization","@id":"https:\/\/zieltek.com\/en\/#organization","name":"TROY B\u0130L\u0130\u015e\u0130M","url":"https:\/\/zieltek.com\/en\/","logo":{"@type":"ImageObject","inLanguage":"tr","@id":"https:\/\/zieltek.com\/en\/#\/schema\/logo\/image\/","url":"https:\/\/zieltek.com\/en\/wp-content\/uploads\/TROYBILISIM-logo.png","contentUrl":"https:\/\/zieltek.com\/en\/wp-content\/uploads\/TROYBILISIM-logo.png","width":346,"height":144,"caption":"TROY B\u0130L\u0130\u015e\u0130M"},"image":{"@id":"https:\/\/zieltek.com\/en\/#\/schema\/logo\/image\/"}}]}},"_links":{"self":[{"href":"https:\/\/zieltek.com\/en\/wp-json\/wp\/v2\/pages\/8685","targetHints":{"allow":["GET"]}}],"collection":[{"href":"https:\/\/zieltek.com\/en\/wp-json\/wp\/v2\/pages"}],"about":[{"href":"https:\/\/zieltek.com\/en\/wp-json\/wp\/v2\/types\/page"}],"author":[{"embeddable":true,"href":"https:\/\/zieltek.com\/en\/wp-json\/wp\/v2\/users\/1"}],"replies":[{"embeddable":true,"href":"https:\/\/zieltek.com\/en\/wp-json\/wp\/v2\/comments?post=8685"}],"version-history":[{"count":211,"href":"https:\/\/zieltek.com\/en\/wp-json\/wp\/v2\/pages\/8685\/revisions"}],"predecessor-version":[{"id":11809,"href":"https:\/\/zieltek.com\/en\/wp-json\/wp\/v2\/pages\/8685\/revisions\/11809"}],"wp:attachment":[{"href":"https:\/\/zieltek.com\/en\/wp-json\/wp\/v2\/media?parent=8685"}],"curies":[{"name":"wp","href":"https:\/\/api.w.org\/{rel}","templated":true}]}}