{"id":8930,"date":"2022-03-24T22:22:47","date_gmt":"2022-03-24T22:22:47","guid":{"rendered":"http:\/\/localhost\/ziel\/?page_id=8930"},"modified":"2022-04-09T05:05:05","modified_gmt":"2022-04-09T05:05:05","slug":"fire-blanket-welding-curtains","status":"publish","type":"page","link":"https:\/\/zieltek.com\/en\/fire-blanket-welding-curtains\/","title":{"rendered":"FIRE BLANKET-WELDING CURTAINS"},"content":{"rendered":"<h4>FIRE BLANKET-WELDING CURTAINS<\/h4>\n<ul>\n<li>\n<p>        <img decoding=\"async\" src=\"\/en\/wp-content\/uploads\/yangin-bat-1.png\" alt=\"\"><\/p>\n<h5>BTS B1000<\/h5>\n<p><a href=\"\/en\/btsb1000\"><\/a><\/p>\n<\/li>\n<li>\n<p>        <img decoding=\"async\" src=\"\/en\/wp-content\/uploads\/kaynak-perd2.png\" alt=\"\"><\/p>\n<h5>BTS WB1000<\/h5>\n<p><a href=\"\/en\/btswb1000\"><\/a><\/p>\n<\/li>\n<\/ul>\n<p><!--more--><br \/>\n<!-- {\"name\":\"itfaiyeci-kiyafetleri-ana-kategori\",\"type\":\"layout\",\"children\":[{\"type\":\"section\",\"props\":{\"style\":\"default\",\"width\":\"default\",\"vertical_align\":\"middle\",\"title_position\":\"top-left\",\"title_rotation\":\"left\",\"title_breakpoint\":\"xl\",\"image_position\":\"center-center\",\"css\":\".el-section{background:#1e1e1e;}\",\"class\":\"uk-light\",\"animation\":\"slide-top-small\",\"animation_delay\":\"200\"},\"children\":[{\"type\":\"row\",\"children\":[{\"type\":\"column\",\"props\":{\"position_sticky_breakpoint\":\"m\",\"image_position\":\"center-center\",\"media_overlay_gradient\":\"\"},\"children\":[{\"type\":\"headline\",\"props\":{\"title_element\":\"h4\",\"content\":\"FIRE BLANKET-WELDING CURTAINS\",\"title_style\":\"h4\",\"class\":\"uk-light\",\"css\":\".el-section{background:#da0e15;padding:5px 5px 5px 10px}\",\"margin_remove_top\":false}},{\"type\":\"grid\",\"props\":{\"show_title\":true,\"show_meta\":true,\"show_content\":true,\"show_image\":true,\"show_link\":true,\"grid_default\":\"2\",\"grid_medium\":\"3\",\"filter_style\":\"tab\",\"filter_all\":true,\"filter_position\":\"top\",\"filter_align\":\"left\",\"filter_grid_width\":\"auto\",\"filter_grid_breakpoint\":\"m\",\"title_hover_style\":\"heading\",\"title_element\":\"h5\",\"title_align\":\"top\",\"title_grid_width\":\"1-2\",\"title_grid_breakpoint\":\"m\",\"meta_style\":\"\",\"meta_align\":\"below-title\",\"meta_element\":\"div\",\"content_column_breakpoint\":\"m\",\"icon_width\":80,\"image_align\":\"top\",\"image_grid_width\":\"1-2\",\"image_grid_breakpoint\":\"m\",\"image_svg_color\":\"emphasis\",\"link_text\":\"\",\"link_style\":\"\",\"margin\":\"default\",\"item_animation\":true,\"class\":\"uk-light\",\"grid_small\":\"2\",\"grid_large\":\"3\",\"grid_xlarge\":\"3\",\"image_height\":\"350\",\"panel_style\":\"card-hover\",\"css\":\".el-item { border-style: solid;  border-width: 1px; padding:15px;border-color:#464646;}\\n.el-item:hover { border-style: solid;  border-width:1px; padding:7px; padding-top:0!important; margin:0!important; border-color:#262626!important;}\\n\\n\\n\\n\\n\",\"grid_column_gap\":\"large\",\"grid_row_gap\":\"large\",\"panel_link\":true,\"item_maxwidth\":\"large\",\"animation\":\"slide-top-medium\",\"image_link\":false,\"image_transition\":\"scale-up\",\"title_font_family\":\"tertiary\",\"link_margin\":\"small\",\"title_style\":\"h5\",\"lightbox\":false,\"grid_column_align\":false,\"grid_row_align\":false,\"image_width\":\"210\",\"panel_image_no_padding\":true,\"title_link\":true,\"text_align\":\"center\"},\"children\":[{\"type\":\"grid_item\",\"props\":{\"title\":\"BTS B1000\",\"image\":\"wp-content\\\/uploads\\\/yangin-bat-1.png\",\"content\":\"\",\"link\":\"btsb1000\"}},{\"type\":\"grid_item\",\"props\":{\"title\":\"BTS WB1000\",\"image\":\"wp-content\\\/uploads\\\/kaynak-perd2.png\",\"link\":\"btswb1000\"}}]}]}]}]}],\"version\":\"2.7.20\"} --><\/p>\n","protected":false},"excerpt":{"rendered":"<p>FIRE BLANKET-WELDING CURTAINS BTS B1000 BTS WB1000<\/p>\n","protected":false},"author":1,"featured_media":0,"parent":0,"menu_order":0,"comment_status":"closed","ping_status":"closed","template":"","meta":{"footnotes":""},"class_list":["post-8930","page","type-page","status-publish","hentry"],"yoast_head":"<!-- This site is optimized with the Yoast SEO plugin v22.2 - https:\/\/yoast.com\/wordpress\/plugins\/seo\/ -->\n<title>FIRE BLANKET-WELDING CURTAINS | ZielTek<\/title>\n<meta name=\"robots\" content=\"index, follow, max-snippet:-1, max-image-preview:large, max-video-preview:-1\" \/>\n<link rel=\"canonical\" href=\"https:\/\/zieltek.com\/en\/fire-blanket-welding-curtains\/\" \/>\n<meta property=\"og:locale\" content=\"tr_TR\" \/>\n<meta property=\"og:type\" content=\"article\" \/>\n<meta property=\"og:title\" content=\"FIRE BLANKET-WELDING CURTAINS | ZielTek\" \/>\n<meta property=\"og:description\" content=\"FIRE BLANKET-WELDING CURTAINS BTS B1000 BTS WB1000\" \/>\n<meta property=\"og:url\" content=\"https:\/\/zieltek.com\/en\/fire-blanket-welding-curtains\/\" \/>\n<meta property=\"og:site_name\" content=\"ZielTek\" \/>\n<meta property=\"article:modified_time\" content=\"2022-04-09T05:05:05+00:00\" \/>\n<meta name=\"twitter:card\" content=\"summary_large_image\" \/>\n<script type=\"application\/ld+json\" class=\"yoast-schema-graph\">{\"@context\":\"https:\/\/schema.org\",\"@graph\":[{\"@type\":\"WebPage\",\"@id\":\"https:\/\/zieltek.com\/en\/fire-blanket-welding-curtains\/\",\"url\":\"https:\/\/zieltek.com\/en\/fire-blanket-welding-curtains\/\",\"name\":\"FIRE BLANKET-WELDING CURTAINS | ZielTek\",\"isPartOf\":{\"@id\":\"https:\/\/zieltek.com\/en\/#website\"},\"datePublished\":\"2022-03-24T22:22:47+00:00\",\"dateModified\":\"2022-04-09T05:05:05+00:00\",\"breadcrumb\":{\"@id\":\"https:\/\/zieltek.com\/en\/fire-blanket-welding-curtains\/#breadcrumb\"},\"inLanguage\":\"tr\",\"potentialAction\":[{\"@type\":\"ReadAction\",\"target\":[\"https:\/\/zieltek.com\/en\/fire-blanket-welding-curtains\/\"]}]},{\"@type\":\"BreadcrumbList\",\"@id\":\"https:\/\/zieltek.com\/en\/fire-blanket-welding-curtains\/#breadcrumb\",\"itemListElement\":[{\"@type\":\"ListItem\",\"position\":1,\"name\":\"Ana sayfa\",\"item\":\"https:\/\/zieltek.com\/en\/\"},{\"@type\":\"ListItem\",\"position\":2,\"name\":\"FIRE BLANKET-WELDING CURTAINS\"}]},{\"@type\":\"WebSite\",\"@id\":\"https:\/\/zieltek.com\/en\/#website\",\"url\":\"https:\/\/zieltek.com\/en\/\",\"name\":\"Troy Bili\u015fim\",\"description\":\"Firefighter Apparel and Flame-Resistant Clothing: Ultimate Protection for Heroes\",\"publisher\":{\"@id\":\"https:\/\/zieltek.com\/en\/#organization\"},\"potentialAction\":[{\"@type\":\"SearchAction\",\"target\":{\"@type\":\"EntryPoint\",\"urlTemplate\":\"https:\/\/zieltek.com\/en\/?s={search_term_string}\"},\"query-input\":\"required name=search_term_string\"}],\"inLanguage\":\"tr\"},{\"@type\":\"Organization\",\"@id\":\"https:\/\/zieltek.com\/en\/#organization\",\"name\":\"TROY B\u0130L\u0130\u015e\u0130M\",\"url\":\"https:\/\/zieltek.com\/en\/\",\"logo\":{\"@type\":\"ImageObject\",\"inLanguage\":\"tr\",\"@id\":\"https:\/\/zieltek.com\/en\/#\/schema\/logo\/image\/\",\"url\":\"https:\/\/zieltek.com\/en\/wp-content\/uploads\/TROYBILISIM-logo.png\",\"contentUrl\":\"https:\/\/zieltek.com\/en\/wp-content\/uploads\/TROYBILISIM-logo.png\",\"width\":346,\"height\":144,\"caption\":\"TROY B\u0130L\u0130\u015e\u0130M\"},\"image\":{\"@id\":\"https:\/\/zieltek.com\/en\/#\/schema\/logo\/image\/\"}}]}<\/script>\n<!-- \/ Yoast SEO plugin. -->","yoast_head_json":{"title":"FIRE BLANKET-WELDING CURTAINS | ZielTek","robots":{"index":"index","follow":"follow","max-snippet":"max-snippet:-1","max-image-preview":"max-image-preview:large","max-video-preview":"max-video-preview:-1"},"canonical":"https:\/\/zieltek.com\/en\/fire-blanket-welding-curtains\/","og_locale":"tr_TR","og_type":"article","og_title":"FIRE BLANKET-WELDING CURTAINS | ZielTek","og_description":"FIRE BLANKET-WELDING CURTAINS BTS B1000 BTS WB1000","og_url":"https:\/\/zieltek.com\/en\/fire-blanket-welding-curtains\/","og_site_name":"ZielTek","article_modified_time":"2022-04-09T05:05:05+00:00","twitter_card":"summary_large_image","schema":{"@context":"https:\/\/schema.org","@graph":[{"@type":"WebPage","@id":"https:\/\/zieltek.com\/en\/fire-blanket-welding-curtains\/","url":"https:\/\/zieltek.com\/en\/fire-blanket-welding-curtains\/","name":"FIRE BLANKET-WELDING CURTAINS | ZielTek","isPartOf":{"@id":"https:\/\/zieltek.com\/en\/#website"},"datePublished":"2022-03-24T22:22:47+00:00","dateModified":"2022-04-09T05:05:05+00:00","breadcrumb":{"@id":"https:\/\/zieltek.com\/en\/fire-blanket-welding-curtains\/#breadcrumb"},"inLanguage":"tr","potentialAction":[{"@type":"ReadAction","target":["https:\/\/zieltek.com\/en\/fire-blanket-welding-curtains\/"]}]},{"@type":"BreadcrumbList","@id":"https:\/\/zieltek.com\/en\/fire-blanket-welding-curtains\/#breadcrumb","itemListElement":[{"@type":"ListItem","position":1,"name":"Ana sayfa","item":"https:\/\/zieltek.com\/en\/"},{"@type":"ListItem","position":2,"name":"FIRE BLANKET-WELDING CURTAINS"}]},{"@type":"WebSite","@id":"https:\/\/zieltek.com\/en\/#website","url":"https:\/\/zieltek.com\/en\/","name":"Troy Bili\u015fim","description":"Firefighter Apparel and Flame-Resistant Clothing: Ultimate Protection for Heroes","publisher":{"@id":"https:\/\/zieltek.com\/en\/#organization"},"potentialAction":[{"@type":"SearchAction","target":{"@type":"EntryPoint","urlTemplate":"https:\/\/zieltek.com\/en\/?s={search_term_string}"},"query-input":"required name=search_term_string"}],"inLanguage":"tr"},{"@type":"Organization","@id":"https:\/\/zieltek.com\/en\/#organization","name":"TROY B\u0130L\u0130\u015e\u0130M","url":"https:\/\/zieltek.com\/en\/","logo":{"@type":"ImageObject","inLanguage":"tr","@id":"https:\/\/zieltek.com\/en\/#\/schema\/logo\/image\/","url":"https:\/\/zieltek.com\/en\/wp-content\/uploads\/TROYBILISIM-logo.png","contentUrl":"https:\/\/zieltek.com\/en\/wp-content\/uploads\/TROYBILISIM-logo.png","width":346,"height":144,"caption":"TROY B\u0130L\u0130\u015e\u0130M"},"image":{"@id":"https:\/\/zieltek.com\/en\/#\/schema\/logo\/image\/"}}]}},"_links":{"self":[{"href":"https:\/\/zieltek.com\/en\/wp-json\/wp\/v2\/pages\/8930","targetHints":{"allow":["GET"]}}],"collection":[{"href":"https:\/\/zieltek.com\/en\/wp-json\/wp\/v2\/pages"}],"about":[{"href":"https:\/\/zieltek.com\/en\/wp-json\/wp\/v2\/types\/page"}],"author":[{"embeddable":true,"href":"https:\/\/zieltek.com\/en\/wp-json\/wp\/v2\/users\/1"}],"replies":[{"embeddable":true,"href":"https:\/\/zieltek.com\/en\/wp-json\/wp\/v2\/comments?post=8930"}],"version-history":[{"count":14,"href":"https:\/\/zieltek.com\/en\/wp-json\/wp\/v2\/pages\/8930\/revisions"}],"predecessor-version":[{"id":11025,"href":"https:\/\/zieltek.com\/en\/wp-json\/wp\/v2\/pages\/8930\/revisions\/11025"}],"wp:attachment":[{"href":"https:\/\/zieltek.com\/en\/wp-json\/wp\/v2\/media?parent=8930"}],"curies":[{"name":"wp","href":"https:\/\/api.w.org\/{rel}","templated":true}]}}