{"id":9862,"date":"2022-04-01T13:27:27","date_gmt":"2022-04-01T13:27:27","guid":{"rendered":"https:\/\/zieltek.com\/?page_id=9862"},"modified":"2022-04-27T14:35:11","modified_gmt":"2022-04-27T14:35:11","slug":"btsgafs1000","status":"publish","type":"page","link":"https:\/\/zieltek.com\/en\/btsgafs1000\/","title":{"rendered":"BTSGAFS1000"},"content":{"rendered":"<h4>ALUMINIZED FIREFIGHTER PROXIMITY SET<\/h4>\n<ul>\n<li>\n<p>        <img decoding=\"async\" src=\"\/en\/wp-content\/uploads\/BTSGAFS1000-3.png\" alt=\"\"><\/p>\n<\/li>\n<li>\n<p>        <img decoding=\"async\" src=\"\/en\/wp-content\/uploads\/BTSGAFS1000-1-1.png\" alt=\"\"><\/p>\n<p><a href=\"#\"><\/a><\/p>\n<\/li>\n<li>\n<p>        <img decoding=\"async\" src=\"\/en\/wp-content\/uploads\/BTSGAFS1000-2.png\" alt=\"\"><\/p>\n<\/li>\n<\/ul>\n<h1>BTSGAFS1000<\/h1>\n<div>\n<ul>\n<li>Jacket, trousers, hood, gloves, leggins with boot<\/li>\n<li>Outershell: Aluminized coated E Glass fabric<\/li>\n<li>Heat Barrier: Multi layers aramid heat barrier quilted to flame retardant fabric<\/li>\n<li>Aramid sewing thread, flame retardant velcros<\/li>\n<li>Aramid knitted fabric cuffs<\/li>\n<li>FR One way open panic quick release system<\/li>\n<li>Concealed zip front to neck<\/li>\n<li>Extra part for tubes on the back (suitable for breathing apparatus)<\/li>\n<li>FR velcro fastener on wrist for adjustment<\/li>\n<li>Elasticated waist and cuff on trousers<\/li>\n<li>Elastic and adjustable brace which are attached to the rear of the trousers waist<\/li>\n<li>Adjustable belts on hood<\/li>\n<li>Hood with gold-coating visor and helmet<\/li>\n<li>Adjustable leggings (with firefighter boots)<\/li>\n<\/ul>\n<\/div>\n<div>\n<p><img loading=\"lazy\" decoding=\"async\" src=\"https:\/\/zieltek.com\/wp-content\/uploads\/2-02.svg\" alt=\"\" width=\"1\" height=\"1\" class=\"alignnone size-medium wp-image-8264\" \/><img loading=\"lazy\" decoding=\"async\" src=\"https:\/\/zieltek.com\/wp-content\/uploads\/sertifika-2.png\" alt=\"\" width=\"50\" height=\"50\" class=\"alignnone size-full wp-image-8271\" \/><img loading=\"lazy\" decoding=\"async\" src=\"https:\/\/zieltek.com\/wp-content\/uploads\/sertifika-3.png\" alt=\"\" width=\"50\" height=\"50\" class=\"alignnone size-full wp-image-8272\" \/><\/p>\n<p>EN 1486:2007<\/p>\n<\/div>\n<p>\n    <a href=\"https:\/\/zieltek.com\/wp-content\/uploads\/datasheets\/en\/GAFS1000_TR_EN.pdf\">KATALOG<\/a>\n<\/p>\n<p><!--more--><br \/>\n<!-- {\"name\":\"BTSGAFS1000-datasheet-tr\",\"type\":\"layout\",\"children\":[{\"type\":\"section\",\"props\":{\"style\":\"default\",\"width\":\"default\",\"vertical_align\":\"middle\",\"title_position\":\"top-left\",\"title_rotation\":\"left\",\"title_breakpoint\":\"xl\",\"image_position\":\"center-center\",\"css\":\".el-section{background:#1e1e1e;}\",\"class\":\"uk-light \",\"padding_remove_horizontal\":false,\"padding_remove_bottom\":false,\"header_transparent\":\"light\",\"attributes\":\"\"},\"children\":[{\"type\":\"row\",\"children\":[{\"type\":\"column\",\"props\":{\"position_sticky_breakpoint\":\"m\",\"image_position\":\"center-center\",\"media_overlay_gradient\":\"\"},\"children\":[{\"type\":\"headline\",\"props\":{\"title_element\":\"h4\",\"content\":\"ALUMINIZED FIREFIGHTER PROXIMITY SET\",\"title_style\":\"h4\",\"class\":\"uk-light\",\"css\":\".el-section{background:#da0e15;padding:5px 5px 5px 10px}\",\"margin_remove_top\":false}}]}],\"props\":{\"row_gap\":\"small\",\"margin_remove_bottom\":false,\"column_gap\":\"small\",\"width\":\"small\"}},{\"type\":\"row\",\"props\":{\"layout\":\"1-2,1-2\",\"column_gap\":\"small\",\"row_gap\":\"medium\",\"width\":\"small\",\"class\":\"\"},\"children\":[{\"type\":\"column\",\"props\":{\"position_sticky_breakpoint\":\"m\",\"image_position\":\"center-center\",\"media_overlay_gradient\":\"\",\"width_medium\":\"1-2\"},\"children\":[{\"type\":\"slideshow\",\"props\":{\"show_title\":false,\"show_meta\":true,\"show_content\":true,\"show_link\":true,\"show_thumbnail\":true,\"slideshow_min_height\":\"\",\"slideshow_autoplay_pause\":true,\"nav\":\"thumbnav\",\"nav_position\":\"center-right\",\"nav_position_margin\":\"\",\"nav_align\":\"center\",\"nav_breakpoint\":\"s\",\"thumbnav_width\":\"100\",\"thumbnav_height\":\"175\",\"thumbnav_svg_color\":\"emphasis\",\"slidenav\":\"\",\"slidenav_margin\":\"\",\"slidenav_breakpoint\":\"s\",\"slidenav_outside_breakpoint\":\"xl\",\"overlay_position\":\"center-left\",\"overlay_animation\":\"parallax\",\"title_element\":\"h3\",\"meta_style\":\"\",\"meta_align\":\"below-title\",\"meta_element\":\"div\",\"link_text\":\"\",\"link_style\":\"default\",\"margin\":\"\",\"slideshow_ratio\":\"3:6\",\"slideshow_max_height\":\"\",\"slideshow_box_shadow\":\"\",\"slideshow_box_decoration\":\"\",\"nav_below\":true,\"overlay_container\":\"expand\",\"nav_vertical\":false,\"thumbnav_nowrap\":true,\"slideshow_height\":\"\",\"overlay_margin\":\"none\",\"content_margin\":\"remove\",\"maxwidth\":\"medium\",\"slidenav_large\":false,\"link_fullwidth\":false,\"css\":\".el-item { border-style: solid;  border-width:1px; border-color:#464646; text-align:center; }\",\"class\":\"\",\"link_target\":false,\"slideshow_animation\":\"fade\",\"block_align_breakpoint\":\"s\",\"block_align_fallback\":\"center\"},\"children\":[{\"type\":\"slideshow_item\",\"props\":{\"image\":\"wp-content\\\/uploads\\\/BTSGAFS1000-3.png\"}},{\"type\":\"slideshow_item\",\"props\":{\"image\":\"wp-content\\\/uploads\\\/BTSGAFS1000-1-1.png\",\"link\":\"#\"}},{\"type\":\"slideshow_item\",\"props\":{\"image\":\"wp-content\\\/uploads\\\/BTSGAFS1000-2.png\"}}]}]},{\"type\":\"column\",\"props\":{\"position_sticky_breakpoint\":\"m\",\"image_position\":\"center-center\",\"media_overlay_gradient\":\"\",\"width_medium\":\"1-2\"},\"children\":[{\"type\":\"headline\",\"props\":{\"title_element\":\"h1\",\"content\":\"BTSGAFS1000\",\"title_style\":\"h4\",\"title_decoration\":\"divider\"}},{\"type\":\"text\",\"props\":{\"margin\":\"default\",\"column_breakpoint\":\"m\",\"content\":\"\n\n<ul>\\n\n\n<li>Jacket, trousers, hood, gloves, leggins with boot<\\\/li>\\n\n\n<li>Outershell: Aluminized coated E Glass fabric<\\\/li>\\n\n\n<li>Heat Barrier: Multi layers aramid heat barrier quilted to flame retardant fabric<\\\/li>\\n\n\n<li>Aramid sewing thread, flame retardant velcros<\\\/li>\\n\n\n<li>Aramid knitted fabric cuffs<\\\/li>\\n\n\n<li>FR One way open panic quick release system<\\\/li>\\n\n\n<li>Concealed zip front to neck<\\\/li>\\n\n\n<li>Extra part for tubes on the back (suitable for breathing apparatus)<\\\/li>\\n\n\n<li>FR velcro fastener on wrist for adjustment<\\\/li>\\n\n\n<li>Elasticated waist and cuff on trousers<\\\/li>\\n\n\n<li>Elastic and adjustable brace which are attached to the rear of the trousers waist<\\\/li>\\n\n\n<li>Adjustable belts on hood<\\\/li>\\n\n\n<li>Hood with gold-coating visor and helmet<\\\/li>\\n\n\n<li>Adjustable leggings (with firefighter boots)<\\\/li>\\n<\\\/ul>\"}},{\"type\":\"text\",\"props\":{\"margin\":\"default\",\"column_breakpoint\":\"m\",\"content\":\"\n\n<p><\\\/p>\\n\n\n<p><img src=\\\"https:\\\/\\\/zieltek.com\\\/wp-content\\\/uploads\\\/2-02.svg\\\" alt=\\\"\\\" width=\\\"1\\\" height=\\\"1\\\" class=\\\"alignnone size-medium wp-image-8264\\\" \\\/><img src=\\\"https:\\\/\\\/zieltek.com\\\/wp-content\\\/uploads\\\/sertifika-2.png\\\" alt=\\\"\\\" width=\\\"50\\\" height=\\\"50\\\" class=\\\"alignnone size-full wp-image-8271\\\" \\\/><img src=\\\"https:\\\/\\\/zieltek.com\\\/wp-content\\\/uploads\\\/sertifika-3.png\\\" alt=\\\"\\\" width=\\\"50\\\" height=\\\"50\\\" class=\\\"alignnone size-full wp-image-8272\\\" \\\/><\\\/p>\\n\n\n<p>EN 1486:2007<\\\/p>\"}},{\"type\":\"button\",\"props\":{\"grid_column_gap\":\"small\",\"grid_row_gap\":\"small\",\"margin\":\"default\"},\"children\":[{\"type\":\"button_item\",\"props\":{\"button_style\":\"secondary\",\"icon_align\":\"right\",\"icon\":\"download\",\"link\":\"https:\\\/\\\/zieltek.com\\\/wp-content\\\/uploads\\\/datasheets\\\/en\\\/GAFS1000_TR_EN.pdf\",\"link_title\":\"KATALOG\",\"content\":\"KATALOG\"}}]}]}]}]}],\"version\":\"2.7.20\"} --><\/p>\n","protected":false},"excerpt":{"rendered":"<p>ALUMINIZED FIREFIGHTER PROXIMITY SET BTSGAFS1000 Jacket, trousers, hood, gloves, leggins with boot Outershell: Aluminized coated E Glass fabric Heat Barrier: Multi layers aramid heat barrier quilted to flame retardant fabric Aramid sewing thread, flame retardant velcros Aramid knitted fabric cuffs FR One way open panic quick release system Concealed zip front to neck Extra part [&hellip;]<\/p>\n","protected":false},"author":1,"featured_media":0,"parent":0,"menu_order":0,"comment_status":"closed","ping_status":"closed","template":"","meta":{"footnotes":""},"class_list":["post-9862","page","type-page","status-publish","hentry"],"yoast_head":"<!-- This site is optimized with the Yoast SEO plugin v22.2 - https:\/\/yoast.com\/wordpress\/plugins\/seo\/ -->\n<title>BTSGAFS1000 | ZielTek<\/title>\n<meta name=\"robots\" content=\"index, follow, max-snippet:-1, max-image-preview:large, max-video-preview:-1\" \/>\n<link rel=\"canonical\" href=\"https:\/\/zieltek.com\/en\/btsgafs1000\/\" \/>\n<meta property=\"og:locale\" content=\"tr_TR\" \/>\n<meta property=\"og:type\" content=\"article\" \/>\n<meta property=\"og:title\" content=\"BTSGAFS1000 | ZielTek\" \/>\n<meta property=\"og:description\" content=\"ALUMINIZED FIREFIGHTER PROXIMITY SET BTSGAFS1000 Jacket, trousers, hood, gloves, leggins with boot Outershell: Aluminized coated E Glass fabric Heat Barrier: Multi layers aramid heat barrier quilted to flame retardant fabric Aramid sewing thread, flame retardant velcros Aramid knitted fabric cuffs FR One way open panic quick release system Concealed zip front to neck Extra part [&hellip;]\" \/>\n<meta property=\"og:url\" content=\"https:\/\/zieltek.com\/en\/btsgafs1000\/\" \/>\n<meta property=\"og:site_name\" content=\"ZielTek\" \/>\n<meta property=\"article:modified_time\" content=\"2022-04-27T14:35:11+00:00\" \/>\n<meta property=\"og:image\" content=\"https:\/\/zieltek.com\/wp-content\/uploads\/2-02.svg\" \/>\n<meta name=\"twitter:card\" content=\"summary_large_image\" \/>\n<meta name=\"twitter:label1\" content=\"Tahmini okuma s\u00fcresi\" \/>\n\t<meta name=\"twitter:data1\" content=\"1 dakika\" \/>\n<script type=\"application\/ld+json\" class=\"yoast-schema-graph\">{\"@context\":\"https:\/\/schema.org\",\"@graph\":[{\"@type\":\"WebPage\",\"@id\":\"https:\/\/zieltek.com\/en\/btsgafs1000\/\",\"url\":\"https:\/\/zieltek.com\/en\/btsgafs1000\/\",\"name\":\"BTSGAFS1000 | ZielTek\",\"isPartOf\":{\"@id\":\"https:\/\/zieltek.com\/en\/#website\"},\"primaryImageOfPage\":{\"@id\":\"https:\/\/zieltek.com\/en\/btsgafs1000\/#primaryimage\"},\"image\":{\"@id\":\"https:\/\/zieltek.com\/en\/btsgafs1000\/#primaryimage\"},\"thumbnailUrl\":\"https:\/\/zieltek.com\/wp-content\/uploads\/2-02.svg\",\"datePublished\":\"2022-04-01T13:27:27+00:00\",\"dateModified\":\"2022-04-27T14:35:11+00:00\",\"breadcrumb\":{\"@id\":\"https:\/\/zieltek.com\/en\/btsgafs1000\/#breadcrumb\"},\"inLanguage\":\"tr\",\"potentialAction\":[{\"@type\":\"ReadAction\",\"target\":[\"https:\/\/zieltek.com\/en\/btsgafs1000\/\"]}]},{\"@type\":\"ImageObject\",\"inLanguage\":\"tr\",\"@id\":\"https:\/\/zieltek.com\/en\/btsgafs1000\/#primaryimage\",\"url\":\"https:\/\/zieltek.com\/wp-content\/uploads\/2-02.svg\",\"contentUrl\":\"https:\/\/zieltek.com\/wp-content\/uploads\/2-02.svg\"},{\"@type\":\"BreadcrumbList\",\"@id\":\"https:\/\/zieltek.com\/en\/btsgafs1000\/#breadcrumb\",\"itemListElement\":[{\"@type\":\"ListItem\",\"position\":1,\"name\":\"Ana sayfa\",\"item\":\"https:\/\/zieltek.com\/en\/\"},{\"@type\":\"ListItem\",\"position\":2,\"name\":\"BTSGAFS1000\"}]},{\"@type\":\"WebSite\",\"@id\":\"https:\/\/zieltek.com\/en\/#website\",\"url\":\"https:\/\/zieltek.com\/en\/\",\"name\":\"Troy Bili\u015fim\",\"description\":\"Firefighter Apparel and Flame-Resistant Clothing: Ultimate Protection for Heroes\",\"publisher\":{\"@id\":\"https:\/\/zieltek.com\/en\/#organization\"},\"potentialAction\":[{\"@type\":\"SearchAction\",\"target\":{\"@type\":\"EntryPoint\",\"urlTemplate\":\"https:\/\/zieltek.com\/en\/?s={search_term_string}\"},\"query-input\":\"required name=search_term_string\"}],\"inLanguage\":\"tr\"},{\"@type\":\"Organization\",\"@id\":\"https:\/\/zieltek.com\/en\/#organization\",\"name\":\"TROY B\u0130L\u0130\u015e\u0130M\",\"url\":\"https:\/\/zieltek.com\/en\/\",\"logo\":{\"@type\":\"ImageObject\",\"inLanguage\":\"tr\",\"@id\":\"https:\/\/zieltek.com\/en\/#\/schema\/logo\/image\/\",\"url\":\"https:\/\/zieltek.com\/en\/wp-content\/uploads\/TROYBILISIM-logo.png\",\"contentUrl\":\"https:\/\/zieltek.com\/en\/wp-content\/uploads\/TROYBILISIM-logo.png\",\"width\":346,\"height\":144,\"caption\":\"TROY B\u0130L\u0130\u015e\u0130M\"},\"image\":{\"@id\":\"https:\/\/zieltek.com\/en\/#\/schema\/logo\/image\/\"}}]}<\/script>\n<!-- \/ Yoast SEO plugin. -->","yoast_head_json":{"title":"BTSGAFS1000 | ZielTek","robots":{"index":"index","follow":"follow","max-snippet":"max-snippet:-1","max-image-preview":"max-image-preview:large","max-video-preview":"max-video-preview:-1"},"canonical":"https:\/\/zieltek.com\/en\/btsgafs1000\/","og_locale":"tr_TR","og_type":"article","og_title":"BTSGAFS1000 | ZielTek","og_description":"ALUMINIZED FIREFIGHTER PROXIMITY SET BTSGAFS1000 Jacket, trousers, hood, gloves, leggins with boot Outershell: Aluminized coated E Glass fabric Heat Barrier: Multi layers aramid heat barrier quilted to flame retardant fabric Aramid sewing thread, flame retardant velcros Aramid knitted fabric cuffs FR One way open panic quick release system Concealed zip front to neck Extra part [&hellip;]","og_url":"https:\/\/zieltek.com\/en\/btsgafs1000\/","og_site_name":"ZielTek","article_modified_time":"2022-04-27T14:35:11+00:00","og_image":[{"url":"https:\/\/zieltek.com\/wp-content\/uploads\/2-02.svg"}],"twitter_card":"summary_large_image","twitter_misc":{"Tahmini okuma s\u00fcresi":"1 dakika"},"schema":{"@context":"https:\/\/schema.org","@graph":[{"@type":"WebPage","@id":"https:\/\/zieltek.com\/en\/btsgafs1000\/","url":"https:\/\/zieltek.com\/en\/btsgafs1000\/","name":"BTSGAFS1000 | ZielTek","isPartOf":{"@id":"https:\/\/zieltek.com\/en\/#website"},"primaryImageOfPage":{"@id":"https:\/\/zieltek.com\/en\/btsgafs1000\/#primaryimage"},"image":{"@id":"https:\/\/zieltek.com\/en\/btsgafs1000\/#primaryimage"},"thumbnailUrl":"https:\/\/zieltek.com\/wp-content\/uploads\/2-02.svg","datePublished":"2022-04-01T13:27:27+00:00","dateModified":"2022-04-27T14:35:11+00:00","breadcrumb":{"@id":"https:\/\/zieltek.com\/en\/btsgafs1000\/#breadcrumb"},"inLanguage":"tr","potentialAction":[{"@type":"ReadAction","target":["https:\/\/zieltek.com\/en\/btsgafs1000\/"]}]},{"@type":"ImageObject","inLanguage":"tr","@id":"https:\/\/zieltek.com\/en\/btsgafs1000\/#primaryimage","url":"https:\/\/zieltek.com\/wp-content\/uploads\/2-02.svg","contentUrl":"https:\/\/zieltek.com\/wp-content\/uploads\/2-02.svg"},{"@type":"BreadcrumbList","@id":"https:\/\/zieltek.com\/en\/btsgafs1000\/#breadcrumb","itemListElement":[{"@type":"ListItem","position":1,"name":"Ana sayfa","item":"https:\/\/zieltek.com\/en\/"},{"@type":"ListItem","position":2,"name":"BTSGAFS1000"}]},{"@type":"WebSite","@id":"https:\/\/zieltek.com\/en\/#website","url":"https:\/\/zieltek.com\/en\/","name":"Troy Bili\u015fim","description":"Firefighter Apparel and Flame-Resistant Clothing: Ultimate Protection for Heroes","publisher":{"@id":"https:\/\/zieltek.com\/en\/#organization"},"potentialAction":[{"@type":"SearchAction","target":{"@type":"EntryPoint","urlTemplate":"https:\/\/zieltek.com\/en\/?s={search_term_string}"},"query-input":"required name=search_term_string"}],"inLanguage":"tr"},{"@type":"Organization","@id":"https:\/\/zieltek.com\/en\/#organization","name":"TROY B\u0130L\u0130\u015e\u0130M","url":"https:\/\/zieltek.com\/en\/","logo":{"@type":"ImageObject","inLanguage":"tr","@id":"https:\/\/zieltek.com\/en\/#\/schema\/logo\/image\/","url":"https:\/\/zieltek.com\/en\/wp-content\/uploads\/TROYBILISIM-logo.png","contentUrl":"https:\/\/zieltek.com\/en\/wp-content\/uploads\/TROYBILISIM-logo.png","width":346,"height":144,"caption":"TROY B\u0130L\u0130\u015e\u0130M"},"image":{"@id":"https:\/\/zieltek.com\/en\/#\/schema\/logo\/image\/"}}]}},"_links":{"self":[{"href":"https:\/\/zieltek.com\/en\/wp-json\/wp\/v2\/pages\/9862","targetHints":{"allow":["GET"]}}],"collection":[{"href":"https:\/\/zieltek.com\/en\/wp-json\/wp\/v2\/pages"}],"about":[{"href":"https:\/\/zieltek.com\/en\/wp-json\/wp\/v2\/types\/page"}],"author":[{"embeddable":true,"href":"https:\/\/zieltek.com\/en\/wp-json\/wp\/v2\/users\/1"}],"replies":[{"embeddable":true,"href":"https:\/\/zieltek.com\/en\/wp-json\/wp\/v2\/comments?post=9862"}],"version-history":[{"count":16,"href":"https:\/\/zieltek.com\/en\/wp-json\/wp\/v2\/pages\/9862\/revisions"}],"predecessor-version":[{"id":11327,"href":"https:\/\/zieltek.com\/en\/wp-json\/wp\/v2\/pages\/9862\/revisions\/11327"}],"wp:attachment":[{"href":"https:\/\/zieltek.com\/en\/wp-json\/wp\/v2\/media?parent=9862"}],"curies":[{"name":"wp","href":"https:\/\/api.w.org\/{rel}","templated":true}]}}